{"id":346619,"date":"2025-11-28T10:34:45","date_gmt":"2025-11-28T09:34:45","guid":{"rendered":"https:\/\/www.salzburgerheimatwerk.at\/produkt\/dirndlbluse-baumwolle\/"},"modified":"2026-04-28T19:19:11","modified_gmt":"2026-04-28T17:19:11","slug":"dirndlbluse-baumwolle","status":"publish","type":"product","link":"https:\/\/www.salzburgerheimatwerk.at\/en\/produkt\/dirndlbluse-baumwolle\/","title":{"rendered":"Dirndlbluse Baumwolle"},"content":{"rendered":"<p>Dirndlbluse auf feiner Baumwolle mti 3\/4 langen Arm. Der klassische Stehkragen ist mit eine R\u00fcsche verziert und macht diese Bluse so besonders. Damit keine Kn\u00f6pfe den Ausschnitt st\u00f6ren wird die Bluse zum Anziehen \u00fcber den Kopf gezogen.<\/p>\n","protected":false},"excerpt":{"rendered":"<p>Dirndlbluse auf feiner Baumwolle mti 3\/4 langen Arm. Der klassische Stehkragen ist mit eine R\u00fcsche verziert und macht diese Bluse so besonders. Damit keine&#8230;<\/p>\n","protected":false},"featured_media":346627,"template":"","meta":{"_acf_changed":false},"product_brand":[],"product_cat":[48,52],"product_tag":[827],"class_list":{"0":"post-346619","1":"product","2":"type-product","3":"status-publish","4":"has-post-thumbnail","6":"pricegroup-202","7":"pricegroup-822","8":"productgroup-204","9":"productgroup-823","10":"product_cat-damentracht","11":"product_cat-blusen-shirts","12":"product_tag-dirndlbluse","13":"pa_farbe-weiss","15":"first","16":"instock","17":"taxable","18":"shipping-taxable","19":"purchasable","20":"product-type-variable"},"acf":[],"jetpack_sharing_enabled":true,"_links":{"self":[{"href":"https:\/\/www.salzburgerheimatwerk.at\/en\/wp-json\/wp\/v2\/product\/346619","targetHints":{"allow":["GET"]}}],"collection":[{"href":"https:\/\/www.salzburgerheimatwerk.at\/en\/wp-json\/wp\/v2\/product"}],"about":[{"href":"https:\/\/www.salzburgerheimatwerk.at\/en\/wp-json\/wp\/v2\/types\/product"}],"wp:featuredmedia":[{"embeddable":true,"href":"https:\/\/www.salzburgerheimatwerk.at\/en\/wp-json\/wp\/v2\/media\/346627"}],"wp:attachment":[{"href":"https:\/\/www.salzburgerheimatwerk.at\/en\/wp-json\/wp\/v2\/media?parent=346619"}],"wp:term":[{"taxonomy":"product_brand","embeddable":true,"href":"https:\/\/www.salzburgerheimatwerk.at\/en\/wp-json\/wp\/v2\/product_brand?post=346619"},{"taxonomy":"product_cat","embeddable":true,"href":"https:\/\/www.salzburgerheimatwerk.at\/en\/wp-json\/wp\/v2\/product_cat?post=346619"},{"taxonomy":"product_tag","embeddable":true,"href":"https:\/\/www.salzburgerheimatwerk.at\/en\/wp-json\/wp\/v2\/product_tag?post=346619"}],"curies":[{"name":"wp","href":"https:\/\/api.w.org\/{rel}","templated":true}]}}