{"id":346629,"date":"2025-11-28T10:34:55","date_gmt":"2025-11-28T09:34:55","guid":{"rendered":"https:\/\/www.salzburgerheimatwerk.at\/produkt\/samtdirndl-ramona-in-blau\/"},"modified":"2026-04-28T18:29:11","modified_gmt":"2026-04-28T16:29:11","slug":"samtdirndl-ramona-in-blau","status":"publish","type":"product","link":"https:\/\/www.salzburgerheimatwerk.at\/en\/produkt\/samtdirndl-ramona-in-blau\/","title":{"rendered":"Samtdirndl Ramona in Blau"},"content":{"rendered":"<p>Elegantes Dirndl mit einem edlen Samtoberteil in mittelblau im Miederschnitt mit Hackenverschlu\u00df. Der herrlich gemusterte Baumwoll-Rock mit einem Vorstoss aus blauem Seidentaft ist genau so ein festliches Detal, wie die Seiden Passepoile. Die farblich abgestimmte Seiden-Taftsch\u00fcrze erg\u00e4nzt das festliche Erscheinungsbild. Qualit\u00e4t aus \u00d6sterreich die man sieht und sp\u00fcrt. Durch die 80er Rockl\u00e4nge ist dieses Dirndl aus der Werkstatt des Salzburger Heimatwerks ein perfekter Begleiter f\u00fcr festliche Anl\u00e4sse.<\/p>\n","protected":false},"excerpt":{"rendered":"<p>Elegantes Dirndl mit einem edlen Samtoberteil in mittelblau im Miederschnitt mit Hackenverschlu\u00df. Der herrlich gemusterte Baumwoll-Rock mit einem Vorstoss aus blauem Seidentaft ist genau&#8230;<\/p>\n","protected":false},"featured_media":346635,"template":"","meta":{"_acf_changed":false},"product_brand":[],"product_cat":[48,49],"product_tag":[2596],"class_list":{"0":"post-346629","1":"product","2":"type-product","3":"status-publish","4":"has-post-thumbnail","6":"pricegroup-202","7":"pricegroup-312","8":"productgroup-204","9":"productgroup-313","10":"product_cat-damentracht","11":"product_cat-dirndl-kleider","12":"product_tag-samtdirndl-ramona","13":"pa_farbe-mehrfarbig","14":"pa_farbe-blau","16":"first","17":"instock","18":"taxable","19":"shipping-taxable","20":"purchasable","21":"product-type-variable"},"acf":[],"jetpack_sharing_enabled":true,"_links":{"self":[{"href":"https:\/\/www.salzburgerheimatwerk.at\/en\/wp-json\/wp\/v2\/product\/346629","targetHints":{"allow":["GET"]}}],"collection":[{"href":"https:\/\/www.salzburgerheimatwerk.at\/en\/wp-json\/wp\/v2\/product"}],"about":[{"href":"https:\/\/www.salzburgerheimatwerk.at\/en\/wp-json\/wp\/v2\/types\/product"}],"wp:featuredmedia":[{"embeddable":true,"href":"https:\/\/www.salzburgerheimatwerk.at\/en\/wp-json\/wp\/v2\/media\/346635"}],"wp:attachment":[{"href":"https:\/\/www.salzburgerheimatwerk.at\/en\/wp-json\/wp\/v2\/media?parent=346629"}],"wp:term":[{"taxonomy":"product_brand","embeddable":true,"href":"https:\/\/www.salzburgerheimatwerk.at\/en\/wp-json\/wp\/v2\/product_brand?post=346629"},{"taxonomy":"product_cat","embeddable":true,"href":"https:\/\/www.salzburgerheimatwerk.at\/en\/wp-json\/wp\/v2\/product_cat?post=346629"},{"taxonomy":"product_tag","embeddable":true,"href":"https:\/\/www.salzburgerheimatwerk.at\/en\/wp-json\/wp\/v2\/product_tag?post=346629"}],"curies":[{"name":"wp","href":"https:\/\/api.w.org\/{rel}","templated":true}]}}