{"id":346637,"date":"2025-11-28T10:35:05","date_gmt":"2025-11-28T09:35:05","guid":{"rendered":"https:\/\/www.salzburgerheimatwerk.at\/produkt\/damenjacke-im-blauen-cord\/"},"modified":"2026-04-28T19:19:11","modified_gmt":"2026-04-28T17:19:11","slug":"damenjacke-im-blauen-cord","status":"publish","type":"product","link":"https:\/\/www.salzburgerheimatwerk.at\/en\/produkt\/damenjacke-im-blauen-cord\/","title":{"rendered":"Damenjacke im blauen Cord"},"content":{"rendered":"<p>Dunkelblauer Cordblazer mit Lodenpaspoil. Diese Jacke in edlem Dunkelblau verbindet klassische Form mit feinsten Materialien und liebevollen Details. Aus hochwertigem, weichem Feincord gefertigt, bietet der Blazer angenehmen Tragekomfort und eine stilvolle Optik.Die dezenten Lodenpaspoile an Kragen, Taschen und Knopfleiste setzen geschmackvolle Kontraste und verleihen dem Modell eine authentisch alpenl\u00e4ndische Note. Traditionelle Kn\u00f6pfe unterstreichen den Trachtencharakter, w\u00e4hrend der gerade Schnitt f\u00fcr eine moderne, feminine Silhouette sorgt.<\/p>\n","protected":false},"excerpt":{"rendered":"<p>Dunkelblauer Cordblazer mit Lodenpaspoil. Diese Jacke in edlem Dunkelblau verbindet klassische Form mit feinsten Materialien und liebevollen Details. Aus hochwertigem, weichem Feincord gefertigt, bietet&#8230;<\/p>\n","protected":false},"featured_media":346646,"template":"","meta":{"_acf_changed":false},"product_brand":[],"product_cat":[304,1098,48],"product_tag":[2597],"class_list":{"0":"post-346637","1":"product","2":"type-product","3":"status-publish","4":"has-post-thumbnail","6":"pricegroup-302","7":"pricegroup-202","8":"productgroup-303","9":"productgroup-204","10":"product_cat-jacken-maentel-damentracht","11":"product_cat-blazer","12":"product_cat-damentracht","13":"product_tag-cordblazer","14":"pa_farbe-blau","16":"first","17":"instock","18":"taxable","19":"shipping-taxable","20":"purchasable","21":"product-type-variable"},"acf":[],"jetpack_sharing_enabled":true,"_links":{"self":[{"href":"https:\/\/www.salzburgerheimatwerk.at\/en\/wp-json\/wp\/v2\/product\/346637","targetHints":{"allow":["GET"]}}],"collection":[{"href":"https:\/\/www.salzburgerheimatwerk.at\/en\/wp-json\/wp\/v2\/product"}],"about":[{"href":"https:\/\/www.salzburgerheimatwerk.at\/en\/wp-json\/wp\/v2\/types\/product"}],"wp:featuredmedia":[{"embeddable":true,"href":"https:\/\/www.salzburgerheimatwerk.at\/en\/wp-json\/wp\/v2\/media\/346646"}],"wp:attachment":[{"href":"https:\/\/www.salzburgerheimatwerk.at\/en\/wp-json\/wp\/v2\/media?parent=346637"}],"wp:term":[{"taxonomy":"product_brand","embeddable":true,"href":"https:\/\/www.salzburgerheimatwerk.at\/en\/wp-json\/wp\/v2\/product_brand?post=346637"},{"taxonomy":"product_cat","embeddable":true,"href":"https:\/\/www.salzburgerheimatwerk.at\/en\/wp-json\/wp\/v2\/product_cat?post=346637"},{"taxonomy":"product_tag","embeddable":true,"href":"https:\/\/www.salzburgerheimatwerk.at\/en\/wp-json\/wp\/v2\/product_tag?post=346637"}],"curies":[{"name":"wp","href":"https:\/\/api.w.org\/{rel}","templated":true}]}}