{"id":346648,"date":"2025-11-28T10:35:12","date_gmt":"2025-11-28T09:35:12","guid":{"rendered":"https:\/\/www.salzburgerheimatwerk.at\/produkt\/strickjacke-in-oversize-mit-stehkragen\/"},"modified":"2026-04-28T19:19:12","modified_gmt":"2026-04-28T17:19:12","slug":"strickjacke-in-oversize-mit-stehkragen","status":"publish","type":"product","link":"https:\/\/www.salzburgerheimatwerk.at\/en\/produkt\/strickjacke-in-oversize-mit-stehkragen\/","title":{"rendered":"Strickjacke in oversize mit Stehkragen"},"content":{"rendered":"<p>Oversize-Strickjacke aus Shetland-Wolle in Hellblau mit Gelben Akzenten. Klassik trifft auf modernen Farbkontrast: Diese Oversize-Strickjacke aus reiner Shetland-Wolle \u00fcberzeugt mit authentischem Charme, hochwertiger Verarbeitung und einem trendigen Twist. Das zarte Hellblau wird durch feine gelbe Details stilvoll erg\u00e4nzt und sorgt f\u00fcr einen frischen, lebendigen Look.Die Shetland-Wolle stammt von den Shetlandinseln und ist bekannt f\u00fcr ihre besondere Robustheit, nat\u00fcrliche W\u00e4rme und langlebige Qualit\u00e4t. Sie f\u00fchlt sich angenehm griffig an und bietet zugleich hervorragende Isolation \u2013 perfekt f\u00fcr die k\u00fchleren Tage. Die Kugelkn\u00f6pfe vollenden das sch\u00f6ne Design.<\/p>\n","protected":false},"excerpt":{"rendered":"<p>Oversize-Strickjacke aus Shetland-Wolle in Hellblau mit Gelben Akzenten. Klassik trifft auf modernen Farbkontrast: Diese Oversize-Strickjacke aus reiner Shetland-Wolle \u00fcberzeugt mit authentischem Charme, hochwertiger Verarbeitung&#8230;<\/p>\n","protected":false},"featured_media":346652,"template":"","meta":{"_acf_changed":false},"product_brand":[],"product_cat":[304,48,53],"product_tag":[2598],"class_list":{"0":"post-346648","1":"product","2":"type-product","3":"status-publish","4":"has-post-thumbnail","6":"pricegroup-232","7":"pricegroup-202","8":"productgroup-233","9":"productgroup-204","10":"product_cat-jacken-maentel-damentracht","11":"product_cat-damentracht","12":"product_cat-strick-walk","13":"product_tag-overshirt-im-strick","14":"pa_farbe-mehrfarbig","16":"first","17":"instock","18":"taxable","19":"shipping-taxable","20":"purchasable","21":"product-type-variable"},"acf":[],"jetpack_sharing_enabled":true,"_links":{"self":[{"href":"https:\/\/www.salzburgerheimatwerk.at\/en\/wp-json\/wp\/v2\/product\/346648","targetHints":{"allow":["GET"]}}],"collection":[{"href":"https:\/\/www.salzburgerheimatwerk.at\/en\/wp-json\/wp\/v2\/product"}],"about":[{"href":"https:\/\/www.salzburgerheimatwerk.at\/en\/wp-json\/wp\/v2\/types\/product"}],"wp:featuredmedia":[{"embeddable":true,"href":"https:\/\/www.salzburgerheimatwerk.at\/en\/wp-json\/wp\/v2\/media\/346652"}],"wp:attachment":[{"href":"https:\/\/www.salzburgerheimatwerk.at\/en\/wp-json\/wp\/v2\/media?parent=346648"}],"wp:term":[{"taxonomy":"product_brand","embeddable":true,"href":"https:\/\/www.salzburgerheimatwerk.at\/en\/wp-json\/wp\/v2\/product_brand?post=346648"},{"taxonomy":"product_cat","embeddable":true,"href":"https:\/\/www.salzburgerheimatwerk.at\/en\/wp-json\/wp\/v2\/product_cat?post=346648"},{"taxonomy":"product_tag","embeddable":true,"href":"https:\/\/www.salzburgerheimatwerk.at\/en\/wp-json\/wp\/v2\/product_tag?post=346648"}],"curies":[{"name":"wp","href":"https:\/\/api.w.org\/{rel}","templated":true}]}}