{"id":346662,"date":"2025-11-28T10:35:47","date_gmt":"2025-11-28T09:35:47","guid":{"rendered":"https:\/\/www.salzburgerheimatwerk.at\/produkt\/damenjacke-4\/"},"modified":"2026-04-28T23:24:41","modified_gmt":"2026-04-28T21:24:41","slug":"damenjacke-4","status":"publish","type":"product","link":"https:\/\/www.salzburgerheimatwerk.at\/en\/produkt\/damenjacke-4\/","title":{"rendered":"Damenjacke"},"content":{"rendered":"<p>Kurzer Trenchcoat in sanften Blauton. Diese stilvolle Jacke ist perfekt f\u00fcr die \u00dcbergangszeit und der kuschelige Loden sorgt f\u00fcr ein angenehmes Tragegef\u00fchl. Ein Hingucker ist der mit Samt unterlegte Kragen. Mit der Kellerfalte sorgt dieses zeitlose Design f\u00fcr eine modischen Trachtenbegleiter.<\/p>\n","protected":false},"excerpt":{"rendered":"<p>Kurzer Trenchcoat in sanften Blauton. Diese stilvolle Jacke ist perfekt f\u00fcr die \u00dcbergangszeit und der kuschelige Loden sorgt f\u00fcr ein angenehmes Tragegef\u00fchl. Ein Hingucker&#8230;<\/p>\n","protected":false},"featured_media":346669,"template":"","meta":{"_acf_changed":false},"product_brand":[],"product_cat":[1622,48,304],"product_tag":[309],"class_list":{"0":"post-346662","1":"product","2":"type-product","3":"status-publish","4":"has-post-thumbnail","6":"pricegroup-202","7":"pricegroup-265","8":"productgroup-204","9":"productgroup-266","10":"product_cat-sakko-damentracht","11":"product_cat-damentracht","12":"product_cat-jacken-maentel-damentracht","13":"product_tag-damenjacke","15":"first","16":"instock","17":"taxable","18":"shipping-taxable","19":"purchasable","20":"product-type-variable"},"acf":[],"jetpack_sharing_enabled":true,"_links":{"self":[{"href":"https:\/\/www.salzburgerheimatwerk.at\/en\/wp-json\/wp\/v2\/product\/346662","targetHints":{"allow":["GET"]}}],"collection":[{"href":"https:\/\/www.salzburgerheimatwerk.at\/en\/wp-json\/wp\/v2\/product"}],"about":[{"href":"https:\/\/www.salzburgerheimatwerk.at\/en\/wp-json\/wp\/v2\/types\/product"}],"wp:featuredmedia":[{"embeddable":true,"href":"https:\/\/www.salzburgerheimatwerk.at\/en\/wp-json\/wp\/v2\/media\/346669"}],"wp:attachment":[{"href":"https:\/\/www.salzburgerheimatwerk.at\/en\/wp-json\/wp\/v2\/media?parent=346662"}],"wp:term":[{"taxonomy":"product_brand","embeddable":true,"href":"https:\/\/www.salzburgerheimatwerk.at\/en\/wp-json\/wp\/v2\/product_brand?post=346662"},{"taxonomy":"product_cat","embeddable":true,"href":"https:\/\/www.salzburgerheimatwerk.at\/en\/wp-json\/wp\/v2\/product_cat?post=346662"},{"taxonomy":"product_tag","embeddable":true,"href":"https:\/\/www.salzburgerheimatwerk.at\/en\/wp-json\/wp\/v2\/product_tag?post=346662"}],"curies":[{"name":"wp","href":"https:\/\/api.w.org\/{rel}","templated":true}]}}