{"id":346673,"date":"2025-11-28T10:36:19","date_gmt":"2025-11-28T09:36:19","guid":{"rendered":"https:\/\/www.salzburgerheimatwerk.at\/produkt\/damenjacke-walk-loden\/"},"modified":"2026-04-28T19:19:13","modified_gmt":"2026-04-28T17:19:13","slug":"damenjacke-walk-loden","status":"publish","type":"product","link":"https:\/\/www.salzburgerheimatwerk.at\/en\/produkt\/damenjacke-walk-loden\/","title":{"rendered":"Damenjacke Walk\/Loden"},"content":{"rendered":"<p>Unsere Zippjacke vereint fein gestrickte B\u00fcndchen an \u00c4rmeln und Saum mit einem eleganten Stehkragen. Druckkn\u00f6pfe setzen willkommene Akzente, der Zweiwege-Rei\u00dfverschluss \u00f6ffnet neue Welten \u2013 egal, ob du durch die Stra\u00dfen der Stadt oder durch den Feierabendwind wanderst. Gro\u00dfz\u00fcgige Seitentaschen halten dich flexibel; Inneren Komfort erf\u00e4hrst du durch passgenauen Schnitt und hochwertige Verarbeitung.<\/p>\n<p>Material: 100% Schurwolle<\/p>\n","protected":false},"excerpt":{"rendered":"<p>Unsere Zippjacke vereint fein gestrickte B\u00fcndchen an \u00c4rmeln und Saum mit einem eleganten Stehkragen. Druckkn\u00f6pfe setzen willkommene Akzente, der Zweiwege-Rei\u00dfverschluss \u00f6ffnet neue Welten \u2013&#8230;<\/p>\n","protected":false},"featured_media":346676,"template":"","meta":{"_acf_changed":false},"product_brand":[],"product_cat":[48,304],"product_tag":[309],"class_list":{"0":"post-346673","1":"product","2":"type-product","3":"status-publish","4":"has-post-thumbnail","6":"pricegroup-202","7":"pricegroup-265","8":"productgroup-204","9":"productgroup-266","10":"product_cat-damentracht","11":"product_cat-jacken-maentel-damentracht","12":"product_tag-damenjacke","13":"pa_farbe-rot","15":"first","16":"instock","17":"taxable","18":"shipping-taxable","19":"purchasable","20":"product-type-variable"},"acf":[],"jetpack_sharing_enabled":true,"_links":{"self":[{"href":"https:\/\/www.salzburgerheimatwerk.at\/en\/wp-json\/wp\/v2\/product\/346673","targetHints":{"allow":["GET"]}}],"collection":[{"href":"https:\/\/www.salzburgerheimatwerk.at\/en\/wp-json\/wp\/v2\/product"}],"about":[{"href":"https:\/\/www.salzburgerheimatwerk.at\/en\/wp-json\/wp\/v2\/types\/product"}],"wp:featuredmedia":[{"embeddable":true,"href":"https:\/\/www.salzburgerheimatwerk.at\/en\/wp-json\/wp\/v2\/media\/346676"}],"wp:attachment":[{"href":"https:\/\/www.salzburgerheimatwerk.at\/en\/wp-json\/wp\/v2\/media?parent=346673"}],"wp:term":[{"taxonomy":"product_brand","embeddable":true,"href":"https:\/\/www.salzburgerheimatwerk.at\/en\/wp-json\/wp\/v2\/product_brand?post=346673"},{"taxonomy":"product_cat","embeddable":true,"href":"https:\/\/www.salzburgerheimatwerk.at\/en\/wp-json\/wp\/v2\/product_cat?post=346673"},{"taxonomy":"product_tag","embeddable":true,"href":"https:\/\/www.salzburgerheimatwerk.at\/en\/wp-json\/wp\/v2\/product_tag?post=346673"}],"curies":[{"name":"wp","href":"https:\/\/api.w.org\/{rel}","templated":true}]}}