{"id":348069,"date":"2026-01-31T06:32:12","date_gmt":"2026-01-31T05:32:12","guid":{"rendered":"https:\/\/www.salzburgerheimatwerk.at\/produkt\/strickgehrock\/"},"modified":"2026-04-28T23:24:41","modified_gmt":"2026-04-28T21:24:41","slug":"strickgehrock","status":"publish","type":"product","link":"https:\/\/www.salzburgerheimatwerk.at\/en\/produkt\/strickgehrock\/","title":{"rendered":"Strickgehrock"},"content":{"rendered":"<p>Gestrickter Gehrock f\u00fcr viele Gelegenheiten. Natur farbene Merinowolle mit hellgr\u00fcnen und rosa Akzenten. Die vordere Kante und die Tascheneingriffe sind von Hand umh\u00e4kelt, ein rosa Samtband setzt den gr\u00fcnen Kragen gekonnt in Szene. Durch die Kn\u00f6pfe mit Blumenmotiv wird diese Jacke zu einem perfekten Begleiter f\u00fcr sommerliche Abend &#8211; aber auch am Kaminfeuer. L\u00e4nge ca. 80cm<\/p>\n","protected":false},"excerpt":{"rendered":"<p>Gestrickter Gehrock f\u00fcr viele Gelegenheiten. Natur farbene Merinowolle mit hellgr\u00fcnen und rosa Akzenten. Die vordere Kante und die Tascheneingriffe sind von Hand umh\u00e4kelt, ein&#8230;<\/p>\n","protected":false},"featured_media":348077,"template":"","meta":{"_acf_changed":false},"product_brand":[],"product_cat":[48,53],"product_tag":[237],"class_list":{"0":"post-348069","1":"product","2":"type-product","3":"status-publish","4":"has-post-thumbnail","6":"pricegroup-202","7":"pricegroup-232","8":"productgroup-204","9":"productgroup-233","10":"product_cat-damentracht","11":"product_cat-strick-walk","12":"product_tag-strickjacke","13":"pa_farbe-mehrfarbig","15":"first","16":"instock","17":"taxable","18":"shipping-taxable","19":"purchasable","20":"product-type-variable"},"acf":[],"jetpack_sharing_enabled":true,"_links":{"self":[{"href":"https:\/\/www.salzburgerheimatwerk.at\/en\/wp-json\/wp\/v2\/product\/348069","targetHints":{"allow":["GET"]}}],"collection":[{"href":"https:\/\/www.salzburgerheimatwerk.at\/en\/wp-json\/wp\/v2\/product"}],"about":[{"href":"https:\/\/www.salzburgerheimatwerk.at\/en\/wp-json\/wp\/v2\/types\/product"}],"wp:featuredmedia":[{"embeddable":true,"href":"https:\/\/www.salzburgerheimatwerk.at\/en\/wp-json\/wp\/v2\/media\/348077"}],"wp:attachment":[{"href":"https:\/\/www.salzburgerheimatwerk.at\/en\/wp-json\/wp\/v2\/media?parent=348069"}],"wp:term":[{"taxonomy":"product_brand","embeddable":true,"href":"https:\/\/www.salzburgerheimatwerk.at\/en\/wp-json\/wp\/v2\/product_brand?post=348069"},{"taxonomy":"product_cat","embeddable":true,"href":"https:\/\/www.salzburgerheimatwerk.at\/en\/wp-json\/wp\/v2\/product_cat?post=348069"},{"taxonomy":"product_tag","embeddable":true,"href":"https:\/\/www.salzburgerheimatwerk.at\/en\/wp-json\/wp\/v2\/product_tag?post=348069"}],"curies":[{"name":"wp","href":"https:\/\/api.w.org\/{rel}","templated":true}]}}