{"id":348280,"date":"2026-02-10T06:30:09","date_gmt":"2026-02-10T05:30:09","guid":{"rendered":"https:\/\/www.salzburgerheimatwerk.at\/produkt\/leinengemisch-oliv-gewebt\/"},"modified":"2026-04-11T21:26:34","modified_gmt":"2026-04-11T19:26:34","slug":"leinengemisch-oliv-gewebt","status":"publish","type":"product","link":"https:\/\/www.salzburgerheimatwerk.at\/en\/produkt\/leinengemisch-oliv-gewebt\/","title":{"rendered":"Leinengemisch oliv gewebt"},"content":{"rendered":"<p>Dieses Mischleinen besteht aus 65% Leinen, 20%Polyester und 15%Baumwolle. Durch das Jacquardmuster bekommt der Stoff eine wundersch\u00f6ne plastische Optik.<br \/>\nEignung<br \/>\nIdeal f\u00fcr Dirndl-Oberteile, R\u00f6cke ,Jacken und Kleider.<\/p>\n","protected":false},"excerpt":{"rendered":"<p>Dieses Mischleinen besteht aus 65% Leinen, 20%Polyester und 15%Baumwolle. Durch das Jacquardmuster bekommt der Stoff eine wundersch\u00f6ne plastische Optik. Eignung Ideal f\u00fcr Dirndl-Oberteile, R\u00f6cke&#8230;<\/p>\n","protected":false},"featured_media":348405,"template":"","meta":{"_acf_changed":false},"product_brand":[],"product_cat":[37,192],"product_tag":[2641],"class_list":{"0":"post-348280","1":"product","2":"type-product","3":"status-publish","4":"has-post-thumbnail","6":"pricegroup-644","7":"pricegroup-165","8":"productgroup-645","9":"productgroup-173","10":"product_cat-stoffe","11":"product_cat-trachtenstoffe","12":"product_tag-li-pes-bw-oliv-gewebt","13":"pa_farbe-oliv","14":"pa_stoffbreite-150-cm","15":"pa_zertifizierung-oeko-tex","17":"first","18":"instock","19":"taxable","20":"shipping-taxable","21":"purchasable","22":"product-type-simple"},"acf":[],"jetpack_sharing_enabled":true,"_links":{"self":[{"href":"https:\/\/www.salzburgerheimatwerk.at\/en\/wp-json\/wp\/v2\/product\/348280","targetHints":{"allow":["GET"]}}],"collection":[{"href":"https:\/\/www.salzburgerheimatwerk.at\/en\/wp-json\/wp\/v2\/product"}],"about":[{"href":"https:\/\/www.salzburgerheimatwerk.at\/en\/wp-json\/wp\/v2\/types\/product"}],"wp:featuredmedia":[{"embeddable":true,"href":"https:\/\/www.salzburgerheimatwerk.at\/en\/wp-json\/wp\/v2\/media\/348405"}],"wp:attachment":[{"href":"https:\/\/www.salzburgerheimatwerk.at\/en\/wp-json\/wp\/v2\/media?parent=348280"}],"wp:term":[{"taxonomy":"product_brand","embeddable":true,"href":"https:\/\/www.salzburgerheimatwerk.at\/en\/wp-json\/wp\/v2\/product_brand?post=348280"},{"taxonomy":"product_cat","embeddable":true,"href":"https:\/\/www.salzburgerheimatwerk.at\/en\/wp-json\/wp\/v2\/product_cat?post=348280"},{"taxonomy":"product_tag","embeddable":true,"href":"https:\/\/www.salzburgerheimatwerk.at\/en\/wp-json\/wp\/v2\/product_tag?post=348280"}],"curies":[{"name":"wp","href":"https:\/\/api.w.org\/{rel}","templated":true}]}}