{"id":348282,"date":"2026-02-10T06:30:09","date_gmt":"2026-02-10T05:30:09","guid":{"rendered":"https:\/\/www.salzburgerheimatwerk.at\/produkt\/reinleinen-apricot-uni\/"},"modified":"2026-04-21T17:28:23","modified_gmt":"2026-04-21T15:28:23","slug":"reinleinen-apricot-uni","status":"publish","type":"product","link":"https:\/\/www.salzburgerheimatwerk.at\/en\/produkt\/reinleinen-apricot-uni\/","title":{"rendered":"Reinleinen apricot Uni"},"content":{"rendered":"<p>Dieses Leinen wird zu 100 Prozent aus der Faser der Flachspflanze gewonnen. Durch die zwei unterschiedlichen Farben in Kette und Schu\u00df entsteht eine melierte Optik. Sehr leichte Leinenqualit\u00e4t.<br \/>\nEignung<br \/>\nIdeal f\u00fcr Dirndlr\u00f6cke und Sch\u00fcrzen<\/p>\n","protected":false},"excerpt":{"rendered":"<p>Dieses Leinen wird zu 100 Prozent aus der Faser der Flachspflanze gewonnen. Durch die zwei unterschiedlichen Farben in Kette und Schu\u00df entsteht eine melierte&#8230;<\/p>\n","protected":false},"featured_media":348430,"template":"","meta":{"_acf_changed":false},"product_brand":[],"product_cat":[192,37],"product_tag":[2643],"class_list":{"0":"post-348282","1":"product","2":"type-product","3":"status-publish","4":"has-post-thumbnail","6":"pricegroup-165","7":"pricegroup-167","8":"productgroup-173","9":"productgroup-175","10":"product_cat-trachtenstoffe","11":"product_cat-stoffe","12":"product_tag-rl-apricot-uni","13":"pa_farbe-orange","14":"pa_stoffbreite-150-cm","15":"pa_zertifizierung-oeko-tex","17":"first","18":"instock","19":"taxable","20":"shipping-taxable","21":"purchasable","22":"product-type-simple"},"acf":[],"jetpack_sharing_enabled":true,"_links":{"self":[{"href":"https:\/\/www.salzburgerheimatwerk.at\/en\/wp-json\/wp\/v2\/product\/348282","targetHints":{"allow":["GET"]}}],"collection":[{"href":"https:\/\/www.salzburgerheimatwerk.at\/en\/wp-json\/wp\/v2\/product"}],"about":[{"href":"https:\/\/www.salzburgerheimatwerk.at\/en\/wp-json\/wp\/v2\/types\/product"}],"wp:featuredmedia":[{"embeddable":true,"href":"https:\/\/www.salzburgerheimatwerk.at\/en\/wp-json\/wp\/v2\/media\/348430"}],"wp:attachment":[{"href":"https:\/\/www.salzburgerheimatwerk.at\/en\/wp-json\/wp\/v2\/media?parent=348282"}],"wp:term":[{"taxonomy":"product_brand","embeddable":true,"href":"https:\/\/www.salzburgerheimatwerk.at\/en\/wp-json\/wp\/v2\/product_brand?post=348282"},{"taxonomy":"product_cat","embeddable":true,"href":"https:\/\/www.salzburgerheimatwerk.at\/en\/wp-json\/wp\/v2\/product_cat?post=348282"},{"taxonomy":"product_tag","embeddable":true,"href":"https:\/\/www.salzburgerheimatwerk.at\/en\/wp-json\/wp\/v2\/product_tag?post=348282"}],"curies":[{"name":"wp","href":"https:\/\/api.w.org\/{rel}","templated":true}]}}