{"id":348288,"date":"2026-02-10T06:30:11","date_gmt":"2026-02-10T05:30:11","guid":{"rendered":"https:\/\/www.salzburgerheimatwerk.at\/produkt\/halbleinen-perlmutt-gewebt\/"},"modified":"2026-04-28T20:26:32","modified_gmt":"2026-04-28T18:26:32","slug":"halbleinen-perlmutt-gewebt","status":"publish","type":"product","link":"https:\/\/www.salzburgerheimatwerk.at\/en\/produkt\/halbleinen-perlmutt-gewebt\/","title":{"rendered":"Halbleinen perlmutt gewebt"},"content":{"rendered":"<p>Dieses Mischleinen besteht aus 65% Leinen, 20%Polyester und 15%Baumwolle. Durch das Jacquardmuster bekommt der Stoff eine wundersch\u00f6ne plastische Optik.<br \/>\nEignung<br \/>\nIdeal f\u00fcr Dirndl-Oberteile, R\u00f6cke ,Jacken und Kleider.<\/p>\n","protected":false},"excerpt":{"rendered":"<p>Dieses Mischleinen besteht aus 65% Leinen, 20%Polyester und 15%Baumwolle. Durch das Jacquardmuster bekommt der Stoff eine wundersch\u00f6ne plastische Optik. Eignung Ideal f\u00fcr Dirndl-Oberteile, R\u00f6cke&#8230;<\/p>\n","protected":false},"featured_media":348435,"template":"","meta":{"_acf_changed":false},"product_brand":[],"product_cat":[192,37],"product_tag":[2647],"class_list":{"0":"post-348288","1":"product","2":"type-product","3":"status-publish","4":"has-post-thumbnail","6":"pricegroup-644","7":"pricegroup-165","8":"productgroup-173","9":"productgroup-645","10":"product_cat-trachtenstoffe","11":"product_cat-stoffe","12":"product_tag-li-pes-li-perlmutt-allover","13":"pa_farbe-weiss","14":"pa_stoffbreite-150-cm","15":"pa_zertifizierung-oeko-tex","17":"first","18":"instock","19":"taxable","20":"shipping-taxable","21":"purchasable","22":"product-type-simple"},"acf":[],"jetpack_sharing_enabled":true,"_links":{"self":[{"href":"https:\/\/www.salzburgerheimatwerk.at\/en\/wp-json\/wp\/v2\/product\/348288","targetHints":{"allow":["GET"]}}],"collection":[{"href":"https:\/\/www.salzburgerheimatwerk.at\/en\/wp-json\/wp\/v2\/product"}],"about":[{"href":"https:\/\/www.salzburgerheimatwerk.at\/en\/wp-json\/wp\/v2\/types\/product"}],"wp:featuredmedia":[{"embeddable":true,"href":"https:\/\/www.salzburgerheimatwerk.at\/en\/wp-json\/wp\/v2\/media\/348435"}],"wp:attachment":[{"href":"https:\/\/www.salzburgerheimatwerk.at\/en\/wp-json\/wp\/v2\/media?parent=348288"}],"wp:term":[{"taxonomy":"product_brand","embeddable":true,"href":"https:\/\/www.salzburgerheimatwerk.at\/en\/wp-json\/wp\/v2\/product_brand?post=348288"},{"taxonomy":"product_cat","embeddable":true,"href":"https:\/\/www.salzburgerheimatwerk.at\/en\/wp-json\/wp\/v2\/product_cat?post=348288"},{"taxonomy":"product_tag","embeddable":true,"href":"https:\/\/www.salzburgerheimatwerk.at\/en\/wp-json\/wp\/v2\/product_tag?post=348288"}],"curies":[{"name":"wp","href":"https:\/\/api.w.org\/{rel}","templated":true}]}}