{"id":348327,"date":"2026-02-11T06:32:13","date_gmt":"2026-02-11T05:32:13","guid":{"rendered":"https:\/\/www.salzburgerheimatwerk.at\/produkt\/baumwollstoff-mehrfaerbig-allover-30\/"},"modified":"2026-04-11T21:28:08","modified_gmt":"2026-04-11T19:28:08","slug":"baumwollstoff-mehrfaerbig-allover-30","status":"publish","type":"product","link":"https:\/\/www.salzburgerheimatwerk.at\/en\/produkt\/baumwollstoff-mehrfaerbig-allover-30\/","title":{"rendered":"Baumwollstoff mehrf\u00e4rbig Allover"},"content":{"rendered":"<p>Dieser Baumwollstoff wird aus den Fasern der Baumwollpflanze gewonnen, hat einen k\u00fchlen, \u201ewolligen\u201c Griff und f\u00e4llt angenehm weich. Er wird in \u00d6sterreich eingef\u00e4rbt und mit traditionellen Modelmustern im Direktdruckverfahren veredelt. <\/p>\n<p>Eigenschaften<br \/>\n&#8211; weich und hautfreundlich<br \/>\n&#8211; feuchtigkeitsregulierend Dieser Baumwollstoff wird aus den Fasern der Baumwollpflanze gewonnen, hat einen k\u00fchlen, \u201ewolligen\u201c Griff und<br \/>\n&#8211; rei\u00dffest und strapazierf\u00e4hig<\/p>\n<p>Eignung<br \/>\nIdeal f\u00fcr Dirndlr\u00f6cke- und sch\u00fcrzen, R\u00f6cke und Kleider.<\/p>\n","protected":false},"excerpt":{"rendered":"<p>Dieser Baumwollstoff wird aus den Fasern der Baumwollpflanze gewonnen, hat einen k\u00fchlen, \u201ewolligen\u201c Griff und f\u00e4llt angenehm weich. Er wird in \u00d6sterreich eingef\u00e4rbt und&#8230;<\/p>\n","protected":false},"featured_media":348452,"template":"","meta":{"_acf_changed":false},"product_brand":[],"product_cat":[192,37],"product_tag":[2659],"class_list":{"0":"post-348327","1":"product","2":"type-product","3":"status-publish","4":"has-post-thumbnail","6":"pricegroup-165","7":"pricegroup-428","8":"productgroup-173","9":"productgroup-429","10":"product_cat-trachtenstoffe","11":"product_cat-stoffe","12":"product_tag-bw-gelb-blau-gruen-allover","13":"pa_farbe-gruen","14":"pa_farbe-gelb","15":"pa_farbe-mehrfarbig","16":"pa_farbe-blau","17":"pa_stoffbreite-150-cm","18":"pa_zertifizierung-oeko-tex","20":"first","21":"instock","22":"taxable","23":"shipping-taxable","24":"purchasable","25":"product-type-simple"},"acf":[],"jetpack_sharing_enabled":true,"_links":{"self":[{"href":"https:\/\/www.salzburgerheimatwerk.at\/en\/wp-json\/wp\/v2\/product\/348327","targetHints":{"allow":["GET"]}}],"collection":[{"href":"https:\/\/www.salzburgerheimatwerk.at\/en\/wp-json\/wp\/v2\/product"}],"about":[{"href":"https:\/\/www.salzburgerheimatwerk.at\/en\/wp-json\/wp\/v2\/types\/product"}],"wp:featuredmedia":[{"embeddable":true,"href":"https:\/\/www.salzburgerheimatwerk.at\/en\/wp-json\/wp\/v2\/media\/348452"}],"wp:attachment":[{"href":"https:\/\/www.salzburgerheimatwerk.at\/en\/wp-json\/wp\/v2\/media?parent=348327"}],"wp:term":[{"taxonomy":"product_brand","embeddable":true,"href":"https:\/\/www.salzburgerheimatwerk.at\/en\/wp-json\/wp\/v2\/product_brand?post=348327"},{"taxonomy":"product_cat","embeddable":true,"href":"https:\/\/www.salzburgerheimatwerk.at\/en\/wp-json\/wp\/v2\/product_cat?post=348327"},{"taxonomy":"product_tag","embeddable":true,"href":"https:\/\/www.salzburgerheimatwerk.at\/en\/wp-json\/wp\/v2\/product_tag?post=348327"}],"curies":[{"name":"wp","href":"https:\/\/api.w.org\/{rel}","templated":true}]}}