{"id":349139,"date":"2026-03-12T06:32:02","date_gmt":"2026-03-12T05:32:02","guid":{"rendered":"https:\/\/www.salzburgerheimatwerk.at\/produkt\/reiner-woll-brokat-oliv-paisley-3\/"},"modified":"2026-04-28T14:32:44","modified_gmt":"2026-04-28T12:32:44","slug":"reiner-woll-brokat-oliv-paisley-3","status":"publish","type":"product","link":"https:\/\/www.salzburgerheimatwerk.at\/en\/produkt\/reiner-woll-brokat-oliv-paisley-3\/","title":{"rendered":"Reiner Woll-Brokat oliv Paisley"},"content":{"rendered":"<p>Wollbrokat wird aus der Wolle des Merinoschafs gewonnen, er f\u00e4llt weich flie\u00dfend, knittert nicht und ist beidseitig verwendbar. Er besticht durch in sich gewebte Paisley- oder Streublumenmuster.<\/p>\n<p>Eignung<br \/>\nIdeal f\u00fcr Dirndloberteile- und R\u00f6cke, Kleider, R\u00f6cke, Westen, Spencer und Jacken.<\/p>\n","protected":false},"excerpt":{"rendered":"<p>Wollbrokat wird aus der Wolle des Merinoschafs gewonnen, er f\u00e4llt weich flie\u00dfend, knittert nicht und ist beidseitig verwendbar. Er besticht durch in sich gewebte&#8230;<\/p>\n","protected":false},"featured_media":349140,"template":"","meta":{"_acf_changed":false},"product_brand":[],"product_cat":[37,192],"product_tag":[656],"class_list":{"0":"post-349139","1":"product","2":"type-product","3":"status-publish","4":"has-post-thumbnail","6":"pricegroup-406","7":"pricegroup-165","8":"productgroup-173","9":"productgroup-407","10":"product_cat-stoffe","11":"product_cat-trachtenstoffe","12":"product_tag-wv-oliv-hell-paisley","13":"pa_farbe-oliv","14":"pa_farbe-gruen","15":"pa_stoffbreite-150-cm","16":"pa_zertifizierung-nachhaltig","18":"first","19":"instock","20":"taxable","21":"shipping-taxable","22":"purchasable","23":"product-type-simple"},"acf":[],"jetpack_sharing_enabled":true,"_links":{"self":[{"href":"https:\/\/www.salzburgerheimatwerk.at\/en\/wp-json\/wp\/v2\/product\/349139","targetHints":{"allow":["GET"]}}],"collection":[{"href":"https:\/\/www.salzburgerheimatwerk.at\/en\/wp-json\/wp\/v2\/product"}],"about":[{"href":"https:\/\/www.salzburgerheimatwerk.at\/en\/wp-json\/wp\/v2\/types\/product"}],"wp:featuredmedia":[{"embeddable":true,"href":"https:\/\/www.salzburgerheimatwerk.at\/en\/wp-json\/wp\/v2\/media\/349140"}],"wp:attachment":[{"href":"https:\/\/www.salzburgerheimatwerk.at\/en\/wp-json\/wp\/v2\/media?parent=349139"}],"wp:term":[{"taxonomy":"product_brand","embeddable":true,"href":"https:\/\/www.salzburgerheimatwerk.at\/en\/wp-json\/wp\/v2\/product_brand?post=349139"},{"taxonomy":"product_cat","embeddable":true,"href":"https:\/\/www.salzburgerheimatwerk.at\/en\/wp-json\/wp\/v2\/product_cat?post=349139"},{"taxonomy":"product_tag","embeddable":true,"href":"https:\/\/www.salzburgerheimatwerk.at\/en\/wp-json\/wp\/v2\/product_tag?post=349139"}],"curies":[{"name":"wp","href":"https:\/\/api.w.org\/{rel}","templated":true}]}}