{"id":349147,"date":"2026-03-12T06:32:10","date_gmt":"2026-03-12T05:32:10","guid":{"rendered":"https:\/\/www.salzburgerheimatwerk.at\/produkt\/reiner-wollstoff-schwarz-uni-4\/"},"modified":"2026-04-28T16:28:40","modified_gmt":"2026-04-28T14:28:40","slug":"reiner-wollstoff-schwarz-uni-4","status":"publish","type":"product","link":"https:\/\/www.salzburgerheimatwerk.at\/en\/produkt\/reiner-wollstoff-schwarz-uni-4\/","title":{"rendered":"Reiner Wollstoff schwarz Uni"},"content":{"rendered":"<p>Dieser reine Wollstoff in Charmelaine-Qualit\u00e4t wird aus der Wolle des Merinoschafs gewonnen.<br \/>\nEr f\u00e4llt weich flie\u00dfend, knittert nicht und hat eine matte rechte und eine gl\u00e4nzende linke Seite, die beidseitig verwendbar ist.<\/p>\n<p>Eignung<br \/>\nIdeal f\u00fcr Dirndloberteile- und  R\u00f6cke, Kleider, R\u00f6cke, Spencer und Jacken.<\/p>\n","protected":false},"excerpt":{"rendered":"<p>Dieser reine Wollstoff in Charmelaine-Qualit\u00e4t wird aus der Wolle des Merinoschafs gewonnen.  Er f\u00e4llt weich flie\u00dfend, knittert nicht und hat eine matte rechte&#8230;<\/p>\n","protected":false},"featured_media":349148,"template":"","meta":{"_acf_changed":false},"product_brand":[],"product_cat":[192,37],"product_tag":[408],"class_list":{"0":"post-349147","1":"product","2":"type-product","3":"status-publish","4":"has-post-thumbnail","6":"pricegroup-165","7":"pricegroup-406","8":"productgroup-173","9":"productgroup-407","10":"product_cat-trachtenstoffe","11":"product_cat-stoffe","12":"product_tag-wv-charmelaine-schwarz-uni","13":"pa_farbe-schwarz","14":"pa_stoffbreite-140-cm","15":"pa_zertifizierung-nachhaltig","17":"first","18":"instock","19":"taxable","20":"shipping-taxable","21":"purchasable","22":"product-type-simple"},"acf":[],"jetpack_sharing_enabled":true,"_links":{"self":[{"href":"https:\/\/www.salzburgerheimatwerk.at\/en\/wp-json\/wp\/v2\/product\/349147","targetHints":{"allow":["GET"]}}],"collection":[{"href":"https:\/\/www.salzburgerheimatwerk.at\/en\/wp-json\/wp\/v2\/product"}],"about":[{"href":"https:\/\/www.salzburgerheimatwerk.at\/en\/wp-json\/wp\/v2\/types\/product"}],"wp:featuredmedia":[{"embeddable":true,"href":"https:\/\/www.salzburgerheimatwerk.at\/en\/wp-json\/wp\/v2\/media\/349148"}],"wp:attachment":[{"href":"https:\/\/www.salzburgerheimatwerk.at\/en\/wp-json\/wp\/v2\/media?parent=349147"}],"wp:term":[{"taxonomy":"product_brand","embeddable":true,"href":"https:\/\/www.salzburgerheimatwerk.at\/en\/wp-json\/wp\/v2\/product_brand?post=349147"},{"taxonomy":"product_cat","embeddable":true,"href":"https:\/\/www.salzburgerheimatwerk.at\/en\/wp-json\/wp\/v2\/product_cat?post=349147"},{"taxonomy":"product_tag","embeddable":true,"href":"https:\/\/www.salzburgerheimatwerk.at\/en\/wp-json\/wp\/v2\/product_tag?post=349147"}],"curies":[{"name":"wp","href":"https:\/\/api.w.org\/{rel}","templated":true}]}}