{"id":349431,"date":"2026-03-18T06:30:16","date_gmt":"2026-03-18T05:30:16","guid":{"rendered":"https:\/\/www.salzburgerheimatwerk.at\/produkt\/heimatwerkpfoad-rosenquarz\/"},"modified":"2026-04-04T18:28:51","modified_gmt":"2026-04-04T16:28:51","slug":"heimatwerkpfoad-rosenquarz","status":"publish","type":"product","link":"https:\/\/www.salzburgerheimatwerk.at\/en\/produkt\/heimatwerkpfoad-rosenquarz\/","title":{"rendered":"Heimatwerkpfoad rosenquarz"},"content":{"rendered":"<p>Heimatwerk-Pfoad f\u00fcr Herren in Rosa. Das Modell aus hochwertiger Leinen-Qualit\u00e4t pr\u00e4sentiert sich als stilvoller Begleiter f\u00fcr traditionelle Looks, w\u00e4hrend klassische Details sowie Falten an der Knopfleiste das Gesamtbild gekonnt in Szene setzen.<\/p>\n<p>-Gerade Passsform<br \/>\n-Stehkragen<br \/>\n-Verk\u00fcrzte Knopfleiste<br \/>\n-Falten-Details an der Knopfleiste<br \/>\n-Variable Sportmanschetten<br \/>\n-Gekn\u00f6pfte \u00c4rmelschlitze<br \/>\n-Abgerundeter Saum<\/p>\n","protected":false},"excerpt":{"rendered":"<p>Heimatwerk-Pfoad f\u00fcr Herren in Rosa. Das Modell aus hochwertiger Leinen-Qualit\u00e4t pr\u00e4sentiert sich als stilvoller Begleiter f\u00fcr traditionelle Looks, w\u00e4hrend klassische Details sowie Falten an&#8230;<\/p>\n","protected":false},"featured_media":349439,"template":"","meta":{"_acf_changed":false},"product_brand":[],"product_cat":[252,59],"product_tag":[2693],"class_list":{"0":"post-349431","1":"product","2":"type-product","3":"status-publish","4":"has-post-thumbnail","6":"pricegroup-250","7":"pricegroup-166","8":"productgroup-251","9":"productgroup-174","10":"product_cat-hemden-shirts-herrentracht","11":"product_cat-herrentracht","12":"product_tag-heimatwerkpfoad","13":"pa_farbe-rosa","15":"first","16":"instock","17":"taxable","18":"shipping-taxable","19":"purchasable","20":"product-type-variable"},"acf":[],"jetpack_sharing_enabled":true,"_links":{"self":[{"href":"https:\/\/www.salzburgerheimatwerk.at\/en\/wp-json\/wp\/v2\/product\/349431","targetHints":{"allow":["GET"]}}],"collection":[{"href":"https:\/\/www.salzburgerheimatwerk.at\/en\/wp-json\/wp\/v2\/product"}],"about":[{"href":"https:\/\/www.salzburgerheimatwerk.at\/en\/wp-json\/wp\/v2\/types\/product"}],"wp:featuredmedia":[{"embeddable":true,"href":"https:\/\/www.salzburgerheimatwerk.at\/en\/wp-json\/wp\/v2\/media\/349439"}],"wp:attachment":[{"href":"https:\/\/www.salzburgerheimatwerk.at\/en\/wp-json\/wp\/v2\/media?parent=349431"}],"wp:term":[{"taxonomy":"product_brand","embeddable":true,"href":"https:\/\/www.salzburgerheimatwerk.at\/en\/wp-json\/wp\/v2\/product_brand?post=349431"},{"taxonomy":"product_cat","embeddable":true,"href":"https:\/\/www.salzburgerheimatwerk.at\/en\/wp-json\/wp\/v2\/product_cat?post=349431"},{"taxonomy":"product_tag","embeddable":true,"href":"https:\/\/www.salzburgerheimatwerk.at\/en\/wp-json\/wp\/v2\/product_tag?post=349431"}],"curies":[{"name":"wp","href":"https:\/\/api.w.org\/{rel}","templated":true}]}}