{"id":349451,"date":"2026-03-18T06:30:31","date_gmt":"2026-03-18T05:30:31","guid":{"rendered":"https:\/\/www.salzburgerheimatwerk.at\/produkt\/heimatwerkdirndl-mit-schnurstepperei\/"},"modified":"2026-04-11T23:28:51","modified_gmt":"2026-04-11T21:28:51","slug":"heimatwerkdirndl-mit-schnurstepperei","status":"publish","type":"product","link":"https:\/\/www.salzburgerheimatwerk.at\/en\/produkt\/heimatwerkdirndl-mit-schnurstepperei\/","title":{"rendered":"Heimatwerkdirndl mit Schnurstepperei"},"content":{"rendered":"<p>Sch\u00f6nes Heimatwerk Dirndl &#8220;Azura&#8221; mit Schnurstepperei im k\u00fchlen Eukalypthos-Ton.<\/p>\n<p>Die Schnurstepperei erf\u00e4hrt besonders am Leib eines Dirndls ihre Vollendung, denn dieser ist das am meisten sichtbare St\u00fcck eines Dirndlkleides. Die Schnurstepperei veredelt auf die unaufdringliche Art und Weise. Der Rock hat ein L\u00e4nge von 80cm und ist in Bahnen geschnitten.<br \/>\nLeinenleib, Baumwollrock und Baumwollsch\u00fcrze.<\/p>\n<p>Dirndlfans wissen es l\u00e4ngst \u2013 die Schnurstepperei ist etwas ganz Besonderes!<\/p>\n","protected":false},"excerpt":{"rendered":"<p>Sch\u00f6nes Heimatwerk Dirndl &#8220;Azura&#8221; mit Schnurstepperei im k\u00fchlen Eukalypthos-Ton.  Die Schnurstepperei erf\u00e4hrt besonders am Leib eines Dirndls ihre Vollendung, denn dieser ist das&#8230;<\/p>\n","protected":false},"featured_media":349457,"template":"","meta":{"_acf_changed":false},"product_brand":[],"product_cat":[48,49],"product_tag":[2694],"class_list":{"0":"post-349451","1":"product","2":"type-product","3":"status-publish","4":"has-post-thumbnail","6":"pricegroup-202","7":"pricegroup-312","8":"productgroup-204","9":"productgroup-313","10":"product_cat-damentracht","11":"product_cat-dirndl-kleider","12":"product_tag-dirndl-azura","13":"pa_farbe-gruen","15":"first","16":"instock","17":"taxable","18":"shipping-taxable","19":"purchasable","20":"product-type-variable"},"acf":[],"jetpack_sharing_enabled":true,"_links":{"self":[{"href":"https:\/\/www.salzburgerheimatwerk.at\/en\/wp-json\/wp\/v2\/product\/349451","targetHints":{"allow":["GET"]}}],"collection":[{"href":"https:\/\/www.salzburgerheimatwerk.at\/en\/wp-json\/wp\/v2\/product"}],"about":[{"href":"https:\/\/www.salzburgerheimatwerk.at\/en\/wp-json\/wp\/v2\/types\/product"}],"wp:featuredmedia":[{"embeddable":true,"href":"https:\/\/www.salzburgerheimatwerk.at\/en\/wp-json\/wp\/v2\/media\/349457"}],"wp:attachment":[{"href":"https:\/\/www.salzburgerheimatwerk.at\/en\/wp-json\/wp\/v2\/media?parent=349451"}],"wp:term":[{"taxonomy":"product_brand","embeddable":true,"href":"https:\/\/www.salzburgerheimatwerk.at\/en\/wp-json\/wp\/v2\/product_brand?post=349451"},{"taxonomy":"product_cat","embeddable":true,"href":"https:\/\/www.salzburgerheimatwerk.at\/en\/wp-json\/wp\/v2\/product_cat?post=349451"},{"taxonomy":"product_tag","embeddable":true,"href":"https:\/\/www.salzburgerheimatwerk.at\/en\/wp-json\/wp\/v2\/product_tag?post=349451"}],"curies":[{"name":"wp","href":"https:\/\/api.w.org\/{rel}","templated":true}]}}