{"id":349488,"date":"2026-03-19T06:32:04","date_gmt":"2026-03-19T05:32:04","guid":{"rendered":"https:\/\/www.salzburgerheimatwerk.at\/produkt\/karierte-damenbluse\/"},"modified":"2026-04-28T19:19:13","modified_gmt":"2026-04-28T17:19:13","slug":"karierte-damenbluse","status":"publish","type":"product","link":"https:\/\/www.salzburgerheimatwerk.at\/en\/produkt\/karierte-damenbluse\/","title":{"rendered":"Karierte Damenbluse"},"content":{"rendered":"<p>Diese charmante Damenbluse \u00fcberzeugt mit rosa-wei\u00dfem Vichy-Karomuster jede Frau. Der gerade Scnitt sorgt f\u00fcr eine bequeme Passform, w\u00e4hrend die weiten Trompeten\u00e4rmel einen verspielten, romantischen Akzent setzen. Auch der Saum ist mit einer Spitzenkante verziert und rundet das Design harmonisch ab.<\/p>\n","protected":false},"excerpt":{"rendered":"<p>Diese charmante Damenbluse \u00fcberzeugt mit rosa-wei\u00dfem Vichy-Karomuster jede Frau. Der gerade Scnitt sorgt f\u00fcr eine bequeme Passform, w\u00e4hrend die weiten Trompeten\u00e4rmel einen verspielten, romantischen&#8230;<\/p>\n","protected":false},"featured_media":349492,"template":"","meta":{"_acf_changed":false},"product_brand":[],"product_cat":[48,52],"product_tag":[258],"class_list":{"0":"post-349488","1":"product","2":"type-product","3":"status-publish","4":"has-post-thumbnail","6":"pricegroup-202","7":"pricegroup-256","8":"productgroup-204","9":"productgroup-257","10":"product_cat-damentracht","11":"product_cat-blusen-shirts","12":"product_tag-damenbluse","13":"pa_farbe-weiss","14":"pa_farbe-mehrfarbig","15":"pa_farbe-rosa","17":"first","18":"instock","19":"taxable","20":"shipping-taxable","21":"purchasable","22":"product-type-variable"},"acf":[],"jetpack_sharing_enabled":true,"_links":{"self":[{"href":"https:\/\/www.salzburgerheimatwerk.at\/en\/wp-json\/wp\/v2\/product\/349488","targetHints":{"allow":["GET"]}}],"collection":[{"href":"https:\/\/www.salzburgerheimatwerk.at\/en\/wp-json\/wp\/v2\/product"}],"about":[{"href":"https:\/\/www.salzburgerheimatwerk.at\/en\/wp-json\/wp\/v2\/types\/product"}],"wp:featuredmedia":[{"embeddable":true,"href":"https:\/\/www.salzburgerheimatwerk.at\/en\/wp-json\/wp\/v2\/media\/349492"}],"wp:attachment":[{"href":"https:\/\/www.salzburgerheimatwerk.at\/en\/wp-json\/wp\/v2\/media?parent=349488"}],"wp:term":[{"taxonomy":"product_brand","embeddable":true,"href":"https:\/\/www.salzburgerheimatwerk.at\/en\/wp-json\/wp\/v2\/product_brand?post=349488"},{"taxonomy":"product_cat","embeddable":true,"href":"https:\/\/www.salzburgerheimatwerk.at\/en\/wp-json\/wp\/v2\/product_cat?post=349488"},{"taxonomy":"product_tag","embeddable":true,"href":"https:\/\/www.salzburgerheimatwerk.at\/en\/wp-json\/wp\/v2\/product_tag?post=349488"}],"curies":[{"name":"wp","href":"https:\/\/api.w.org\/{rel}","templated":true}]}}