{"id":349508,"date":"2026-03-19T06:32:30","date_gmt":"2026-03-19T05:32:30","guid":{"rendered":"https:\/\/www.salzburgerheimatwerk.at\/produkt\/damenbluse-7\/"},"modified":"2026-04-11T23:28:50","modified_gmt":"2026-04-11T21:28:50","slug":"damenbluse-7","status":"publish","type":"product","link":"https:\/\/www.salzburgerheimatwerk.at\/en\/produkt\/damenbluse-7\/","title":{"rendered":"Damenbluse"},"content":{"rendered":"<p>\u00c4rmellose Bluse in Apricotfarbe aus feiner Seide mit elegantem R\u00fcschenkragen. Das leichte, flie\u00dfende Material sorgt f\u00fcr einen angenehmen Tragekomfort, w\u00e4hrend der feminine Schnitt eine stilvolle Silhouette betont. Vielseitig kombinierbar \u2013 passend f\u00fcr B\u00fcro, besondere Anl\u00e4sse oder einen gepflegten Alltagslook.<\/p>\n","protected":false},"excerpt":{"rendered":"<p>\u00c4rmellose Bluse in Apricotfarbe aus feiner Seide mit elegantem R\u00fcschenkragen. Das leichte, flie\u00dfende Material sorgt f\u00fcr einen angenehmen Tragekomfort, w\u00e4hrend der feminine Schnitt eine&#8230;<\/p>\n","protected":false},"featured_media":349514,"template":"","meta":{"_acf_changed":false},"product_brand":[],"product_cat":[48,52],"product_tag":[258],"class_list":{"0":"post-349508","1":"product","2":"type-product","3":"status-publish","4":"has-post-thumbnail","6":"pricegroup-256","7":"pricegroup-202","8":"productgroup-257","9":"productgroup-204","10":"product_cat-damentracht","11":"product_cat-blusen-shirts","12":"product_tag-damenbluse","14":"first","15":"instock","16":"taxable","17":"shipping-taxable","18":"purchasable","19":"product-type-variable"},"acf":[],"jetpack_sharing_enabled":true,"_links":{"self":[{"href":"https:\/\/www.salzburgerheimatwerk.at\/en\/wp-json\/wp\/v2\/product\/349508","targetHints":{"allow":["GET"]}}],"collection":[{"href":"https:\/\/www.salzburgerheimatwerk.at\/en\/wp-json\/wp\/v2\/product"}],"about":[{"href":"https:\/\/www.salzburgerheimatwerk.at\/en\/wp-json\/wp\/v2\/types\/product"}],"wp:featuredmedia":[{"embeddable":true,"href":"https:\/\/www.salzburgerheimatwerk.at\/en\/wp-json\/wp\/v2\/media\/349514"}],"wp:attachment":[{"href":"https:\/\/www.salzburgerheimatwerk.at\/en\/wp-json\/wp\/v2\/media?parent=349508"}],"wp:term":[{"taxonomy":"product_brand","embeddable":true,"href":"https:\/\/www.salzburgerheimatwerk.at\/en\/wp-json\/wp\/v2\/product_brand?post=349508"},{"taxonomy":"product_cat","embeddable":true,"href":"https:\/\/www.salzburgerheimatwerk.at\/en\/wp-json\/wp\/v2\/product_cat?post=349508"},{"taxonomy":"product_tag","embeddable":true,"href":"https:\/\/www.salzburgerheimatwerk.at\/en\/wp-json\/wp\/v2\/product_tag?post=349508"}],"curies":[{"name":"wp","href":"https:\/\/api.w.org\/{rel}","templated":true}]}}