{"id":349528,"date":"2026-03-19T06:32:40","date_gmt":"2026-03-19T05:32:40","guid":{"rendered":"https:\/\/www.salzburgerheimatwerk.at\/produkt\/lederjacke-in-velourleder\/"},"modified":"2026-04-11T13:28:51","modified_gmt":"2026-04-11T11:28:51","slug":"lederjacke-in-velourleder","status":"publish","type":"product","link":"https:\/\/www.salzburgerheimatwerk.at\/en\/produkt\/lederjacke-in-velourleder\/","title":{"rendered":"Lederjacke in Velourleder"},"content":{"rendered":"<p>Elegante Lederjacke aus feinem Ziegenleder in warmem Camel-Ton. Figurbetonter Schnitt mit formgebundenen N\u00e4hten, Stehkragen, stoffbezogenen Kn\u00f6pfen und Sch\u00f6\u00dfchen am R\u00fccken. Zeitlos ,hochwertig und vielseitig kombinierbar. Ein &#8220;Must have&#8221; in jedem Kleiderschrank.<\/p>\n","protected":false},"excerpt":{"rendered":"<p>Elegante Lederjacke aus feinem Ziegenleder in warmem Camel-Ton. Figurbetonter Schnitt mit formgebundenen N\u00e4hten, Stehkragen, stoffbezogenen Kn\u00f6pfen und Sch\u00f6\u00dfchen am R\u00fccken. Zeitlos ,hochwertig und vielseitig&#8230;<\/p>\n","protected":false},"featured_media":349535,"template":"","meta":{"_acf_changed":false},"product_brand":[],"product_cat":[304,48],"product_tag":[1923],"class_list":{"0":"post-349528","1":"product","2":"type-product","3":"status-publish","4":"has-post-thumbnail","6":"pricegroup-202","7":"pricegroup-302","8":"productgroup-204","9":"productgroup-303","10":"product_cat-jacken-maentel-damentracht","11":"product_cat-damentracht","12":"product_tag-lederjacke","13":"pa_farbe-braun","15":"first","16":"instock","17":"taxable","18":"shipping-taxable","19":"purchasable","20":"product-type-variable"},"acf":[],"jetpack_sharing_enabled":true,"_links":{"self":[{"href":"https:\/\/www.salzburgerheimatwerk.at\/en\/wp-json\/wp\/v2\/product\/349528","targetHints":{"allow":["GET"]}}],"collection":[{"href":"https:\/\/www.salzburgerheimatwerk.at\/en\/wp-json\/wp\/v2\/product"}],"about":[{"href":"https:\/\/www.salzburgerheimatwerk.at\/en\/wp-json\/wp\/v2\/types\/product"}],"wp:featuredmedia":[{"embeddable":true,"href":"https:\/\/www.salzburgerheimatwerk.at\/en\/wp-json\/wp\/v2\/media\/349535"}],"wp:attachment":[{"href":"https:\/\/www.salzburgerheimatwerk.at\/en\/wp-json\/wp\/v2\/media?parent=349528"}],"wp:term":[{"taxonomy":"product_brand","embeddable":true,"href":"https:\/\/www.salzburgerheimatwerk.at\/en\/wp-json\/wp\/v2\/product_brand?post=349528"},{"taxonomy":"product_cat","embeddable":true,"href":"https:\/\/www.salzburgerheimatwerk.at\/en\/wp-json\/wp\/v2\/product_cat?post=349528"},{"taxonomy":"product_tag","embeddable":true,"href":"https:\/\/www.salzburgerheimatwerk.at\/en\/wp-json\/wp\/v2\/product_tag?post=349528"}],"curies":[{"name":"wp","href":"https:\/\/api.w.org\/{rel}","templated":true}]}}