{"id":349548,"date":"2026-03-19T06:32:57","date_gmt":"2026-03-19T05:32:57","guid":{"rendered":"https:\/\/www.salzburgerheimatwerk.at\/produkt\/dirndl-mit-handdruckoberteil\/"},"modified":"2026-04-28T16:28:58","modified_gmt":"2026-04-28T14:28:58","slug":"dirndl-mit-handdruckoberteil","status":"publish","type":"product","link":"https:\/\/www.salzburgerheimatwerk.at\/en\/produkt\/dirndl-mit-handdruckoberteil\/","title":{"rendered":"Dirndl mit Handdruckoberteil"},"content":{"rendered":"<p>Wundersch\u00f6nes Heimatwerkdirndl mit Handdruck Leinenleib im Miederschnitt. Der Handdruck wurde exakt mit Miederhaken verarbeitet und ist ein gro\u00dfartiger Hingucker. Baumwollrock in Falten gelegt und 80er L\u00e4nge. Seidensch\u00fcrze. Die duftigen Farben machen Lust auf den Sommer. Die hochwertigen Stoffe werden in \u00d6sterreich produziert und gef\u00e4rbt. Handarbeit die man sieht und sp\u00fcrt.<\/p>\n","protected":false},"excerpt":{"rendered":"<p>Wundersch\u00f6nes Heimatwerkdirndl mit Handdruck Leinenleib im Miederschnitt. Der Handdruck wurde exakt mit Miederhaken verarbeitet und ist ein gro\u00dfartiger Hingucker. Baumwollrock in Falten gelegt und&#8230;<\/p>\n","protected":false},"featured_media":349552,"template":"","meta":{"_acf_changed":false},"product_brand":[],"product_cat":[48,49],"product_tag":[2698],"class_list":{"0":"post-349548","1":"product","2":"type-product","3":"status-publish","4":"has-post-thumbnail","6":"pricegroup-312","7":"pricegroup-202","8":"productgroup-313","9":"productgroup-204","10":"product_cat-damentracht","11":"product_cat-dirndl-kleider","12":"product_tag-dirndl-mit-handdruckoberteil","13":"pa_farbe-mehrfarbig","15":"first","16":"instock","17":"taxable","18":"shipping-taxable","19":"purchasable","20":"product-type-variable"},"acf":[],"jetpack_sharing_enabled":true,"_links":{"self":[{"href":"https:\/\/www.salzburgerheimatwerk.at\/en\/wp-json\/wp\/v2\/product\/349548","targetHints":{"allow":["GET"]}}],"collection":[{"href":"https:\/\/www.salzburgerheimatwerk.at\/en\/wp-json\/wp\/v2\/product"}],"about":[{"href":"https:\/\/www.salzburgerheimatwerk.at\/en\/wp-json\/wp\/v2\/types\/product"}],"wp:featuredmedia":[{"embeddable":true,"href":"https:\/\/www.salzburgerheimatwerk.at\/en\/wp-json\/wp\/v2\/media\/349552"}],"wp:attachment":[{"href":"https:\/\/www.salzburgerheimatwerk.at\/en\/wp-json\/wp\/v2\/media?parent=349548"}],"wp:term":[{"taxonomy":"product_brand","embeddable":true,"href":"https:\/\/www.salzburgerheimatwerk.at\/en\/wp-json\/wp\/v2\/product_brand?post=349548"},{"taxonomy":"product_cat","embeddable":true,"href":"https:\/\/www.salzburgerheimatwerk.at\/en\/wp-json\/wp\/v2\/product_cat?post=349548"},{"taxonomy":"product_tag","embeddable":true,"href":"https:\/\/www.salzburgerheimatwerk.at\/en\/wp-json\/wp\/v2\/product_tag?post=349548"}],"curies":[{"name":"wp","href":"https:\/\/api.w.org\/{rel}","templated":true}]}}