{"id":349555,"date":"2026-03-19T06:34:02","date_gmt":"2026-03-19T05:34:02","guid":{"rendered":"https:\/\/www.salzburgerheimatwerk.at\/produkt\/damenjacke-aus-jaegerleinen\/"},"modified":"2026-04-11T21:28:32","modified_gmt":"2026-04-11T19:28:32","slug":"damenjacke-aus-jaegerleinen","status":"publish","type":"product","link":"https:\/\/www.salzburgerheimatwerk.at\/en\/produkt\/damenjacke-aus-jaegerleinen\/","title":{"rendered":"Damenjacke aus J\u00e4gerleinen"},"content":{"rendered":"<p>Trachtenblazer aus J\u00e4gerleinen f\u00fcr Damen. Tradition und Moderne in perfektem Zusammenspiel \u2013 Das Modell aus hochwertiger Leinen\/Baumwoll-Qualit\u00e4t verleiht besonders hohen Tragekomfort, w\u00e4hrend die Perlmutt- Kn\u00f6pfe, farbige Paspelierungen sowie die taillierte Passform einen feminin- traditionellen Begleiter schaffen.<\/p>\n","protected":false},"excerpt":{"rendered":"<p>Trachtenblazer aus J\u00e4gerleinen f\u00fcr Damen. Tradition und Moderne in perfektem Zusammenspiel \u2013 Das Modell aus hochwertiger Leinen\/Baumwoll-Qualit\u00e4t verleiht besonders hohen Tragekomfort, w\u00e4hrend die Perlmutt-&#8230;<\/p>\n","protected":false},"featured_media":349562,"template":"","meta":{"_acf_changed":false},"product_brand":[],"product_cat":[304,48],"product_tag":[309],"class_list":{"0":"post-349555","1":"product","2":"type-product","3":"status-publish","4":"has-post-thumbnail","6":"pricegroup-302","7":"pricegroup-202","8":"productgroup-303","9":"productgroup-204","10":"product_cat-jacken-maentel-damentracht","11":"product_cat-damentracht","12":"product_tag-damenjacke","13":"pa_farbe-mehrfarbig","15":"first","16":"instock","17":"taxable","18":"shipping-taxable","19":"purchasable","20":"product-type-variable"},"acf":[],"jetpack_sharing_enabled":true,"_links":{"self":[{"href":"https:\/\/www.salzburgerheimatwerk.at\/en\/wp-json\/wp\/v2\/product\/349555","targetHints":{"allow":["GET"]}}],"collection":[{"href":"https:\/\/www.salzburgerheimatwerk.at\/en\/wp-json\/wp\/v2\/product"}],"about":[{"href":"https:\/\/www.salzburgerheimatwerk.at\/en\/wp-json\/wp\/v2\/types\/product"}],"wp:featuredmedia":[{"embeddable":true,"href":"https:\/\/www.salzburgerheimatwerk.at\/en\/wp-json\/wp\/v2\/media\/349562"}],"wp:attachment":[{"href":"https:\/\/www.salzburgerheimatwerk.at\/en\/wp-json\/wp\/v2\/media?parent=349555"}],"wp:term":[{"taxonomy":"product_brand","embeddable":true,"href":"https:\/\/www.salzburgerheimatwerk.at\/en\/wp-json\/wp\/v2\/product_brand?post=349555"},{"taxonomy":"product_cat","embeddable":true,"href":"https:\/\/www.salzburgerheimatwerk.at\/en\/wp-json\/wp\/v2\/product_cat?post=349555"},{"taxonomy":"product_tag","embeddable":true,"href":"https:\/\/www.salzburgerheimatwerk.at\/en\/wp-json\/wp\/v2\/product_tag?post=349555"}],"curies":[{"name":"wp","href":"https:\/\/api.w.org\/{rel}","templated":true}]}}