{"id":349565,"date":"2026-03-19T06:34:15","date_gmt":"2026-03-19T05:34:15","guid":{"rendered":"https:\/\/www.salzburgerheimatwerk.at\/produkt\/leinengehrock-fuer-damen\/"},"modified":"2026-04-04T23:28:53","modified_gmt":"2026-04-04T21:28:53","slug":"leinengehrock-fuer-damen","status":"publish","type":"product","link":"https:\/\/www.salzburgerheimatwerk.at\/en\/produkt\/leinengehrock-fuer-damen\/","title":{"rendered":"Leinengehrock f\u00fcr Damen"},"content":{"rendered":"<p>Eleganter, sommerlicher Damengehrock in Leinen mit silbernen Kn\u00f6pfen. Der Stehkragen und der Armabschlu\u00df sind in dunkelblauem Paspel gearbeitet. Zus\u00e4tzlich ist die vordere Kante sowie die Taschen mit wei\u00dfem Leinen abpassepouliert. R\u00fcckenl\u00e4nge ca. 80cm. Perfekt zu Hosen.<\/p>\n","protected":false},"excerpt":{"rendered":"<p>Eleganter, sommerlicher Damengehrock in Leinen mit silbernen Kn\u00f6pfen. Der Stehkragen und der Armabschlu\u00df sind in dunkelblauem Paspel gearbeitet. Zus\u00e4tzlich ist die vordere Kante sowie&#8230;<\/p>\n","protected":false},"featured_media":349506,"template":"","meta":{"_acf_changed":false},"product_brand":[],"product_cat":[304,48],"product_tag":[1012],"class_list":{"0":"post-349565","1":"product","2":"type-product","3":"status-publish","4":"has-post-thumbnail","6":"pricegroup-302","7":"pricegroup-202","8":"productgroup-303","9":"productgroup-204","10":"product_cat-jacken-maentel-damentracht","11":"product_cat-damentracht","12":"product_tag-damengehrock","13":"pa_farbe-blau","15":"first","16":"instock","17":"taxable","18":"shipping-taxable","19":"purchasable","20":"product-type-variable"},"acf":[],"jetpack_sharing_enabled":true,"_links":{"self":[{"href":"https:\/\/www.salzburgerheimatwerk.at\/en\/wp-json\/wp\/v2\/product\/349565","targetHints":{"allow":["GET"]}}],"collection":[{"href":"https:\/\/www.salzburgerheimatwerk.at\/en\/wp-json\/wp\/v2\/product"}],"about":[{"href":"https:\/\/www.salzburgerheimatwerk.at\/en\/wp-json\/wp\/v2\/types\/product"}],"wp:featuredmedia":[{"embeddable":true,"href":"https:\/\/www.salzburgerheimatwerk.at\/en\/wp-json\/wp\/v2\/media\/349506"}],"wp:attachment":[{"href":"https:\/\/www.salzburgerheimatwerk.at\/en\/wp-json\/wp\/v2\/media?parent=349565"}],"wp:term":[{"taxonomy":"product_brand","embeddable":true,"href":"https:\/\/www.salzburgerheimatwerk.at\/en\/wp-json\/wp\/v2\/product_brand?post=349565"},{"taxonomy":"product_cat","embeddable":true,"href":"https:\/\/www.salzburgerheimatwerk.at\/en\/wp-json\/wp\/v2\/product_cat?post=349565"},{"taxonomy":"product_tag","embeddable":true,"href":"https:\/\/www.salzburgerheimatwerk.at\/en\/wp-json\/wp\/v2\/product_tag?post=349565"}],"curies":[{"name":"wp","href":"https:\/\/api.w.org\/{rel}","templated":true}]}}