{"id":349574,"date":"2026-03-19T06:34:21","date_gmt":"2026-03-19T05:34:21","guid":{"rendered":"https:\/\/www.salzburgerheimatwerk.at\/produkt\/damenrock-6\/"},"modified":"2026-04-05T11:27:13","modified_gmt":"2026-04-05T09:27:13","slug":"damenrock-6","status":"publish","type":"product","link":"https:\/\/www.salzburgerheimatwerk.at\/en\/produkt\/damenrock-6\/","title":{"rendered":"Damenrock"},"content":{"rendered":"<p>Der gezeigte Baumwollrock ist klassisch-trachtig interpretiert und wirkt zugleich leicht, sommerlich und elegant. Der Stoff besteht aus Baumwolle mit einem feinen, allover floralen Druck in Hellblau, Ocker und dezenten Naturt\u00f6nen. Dieses Muster verleiht dem Rock eine lebendige, aber dennoch harmonische Ausstrahlung, die typisch f\u00fcr hochwertige Trachtenstoffe ist. Der Schnitt ist weit schwingend und in einer etwas l\u00e4ngeren Form gehalten. Durch die eingelegten Falten entsteht ein sch\u00f6nes Volumen, das beim Gehen weich f\u00e4llt und f\u00fcr eine feminine Silhouette sorgt. Zwei Eingrifftaschen.<\/p>\n","protected":false},"excerpt":{"rendered":"<p>Der gezeigte Baumwollrock ist klassisch-trachtig interpretiert und wirkt zugleich leicht, sommerlich und elegant. Der Stoff besteht aus Baumwolle mit einem feinen, allover floralen Druck&#8230;<\/p>\n","protected":false},"featured_media":349581,"template":"","meta":{"_acf_changed":false},"product_brand":[],"product_cat":[48,50],"product_tag":[1922],"class_list":{"0":"post-349574","1":"product","2":"type-product","3":"status-publish","4":"has-post-thumbnail","6":"pricegroup-202","7":"pricegroup-289","8":"productgroup-204","9":"productgroup-290","10":"product_cat-damentracht","11":"product_cat-roecke-hosen","12":"product_tag-damenrock","13":"pa_farbe-mehrfarbig","15":"first","16":"instock","17":"taxable","18":"shipping-taxable","19":"purchasable","20":"product-type-variable"},"acf":[],"jetpack_sharing_enabled":true,"_links":{"self":[{"href":"https:\/\/www.salzburgerheimatwerk.at\/en\/wp-json\/wp\/v2\/product\/349574","targetHints":{"allow":["GET"]}}],"collection":[{"href":"https:\/\/www.salzburgerheimatwerk.at\/en\/wp-json\/wp\/v2\/product"}],"about":[{"href":"https:\/\/www.salzburgerheimatwerk.at\/en\/wp-json\/wp\/v2\/types\/product"}],"wp:featuredmedia":[{"embeddable":true,"href":"https:\/\/www.salzburgerheimatwerk.at\/en\/wp-json\/wp\/v2\/media\/349581"}],"wp:attachment":[{"href":"https:\/\/www.salzburgerheimatwerk.at\/en\/wp-json\/wp\/v2\/media?parent=349574"}],"wp:term":[{"taxonomy":"product_brand","embeddable":true,"href":"https:\/\/www.salzburgerheimatwerk.at\/en\/wp-json\/wp\/v2\/product_brand?post=349574"},{"taxonomy":"product_cat","embeddable":true,"href":"https:\/\/www.salzburgerheimatwerk.at\/en\/wp-json\/wp\/v2\/product_cat?post=349574"},{"taxonomy":"product_tag","embeddable":true,"href":"https:\/\/www.salzburgerheimatwerk.at\/en\/wp-json\/wp\/v2\/product_tag?post=349574"}],"curies":[{"name":"wp","href":"https:\/\/api.w.org\/{rel}","templated":true}]}}