{"id":349582,"date":"2026-03-19T06:34:26","date_gmt":"2026-03-19T05:34:26","guid":{"rendered":"https:\/\/www.salzburgerheimatwerk.at\/produkt\/ausseer-dirndl-mit-seidenhanddruckschuerze\/"},"modified":"2026-04-05T11:27:14","modified_gmt":"2026-04-05T09:27:14","slug":"ausseer-dirndl-mit-seidenhanddruckschuerze","status":"publish","type":"product","link":"https:\/\/www.salzburgerheimatwerk.at\/en\/produkt\/ausseer-dirndl-mit-seidenhanddruckschuerze\/","title":{"rendered":"Ausseer Dirndl mit Seidenhanddrucksch\u00fcrze"},"content":{"rendered":"<p>Dieses elegante und exklusive Ausseer Dirndl wird in unserer hauseigenen Schneiderei gefertigt und verbindet traditionelle Handwerkskunst mit zeitloser Sch\u00f6nheit. Der klassische Mieder Schnitt und handgereihtem Rock schmeichelt der Figur und sorgt f\u00fcr eine feminine Silhouette. Die edle Handdruck-Seidensch\u00fcrze verleiht dem Dirndl eine besondere Raffinesse, w\u00e4hrend das handbemalte Knopferl jedes St\u00fcck zu einem echten Unikat macht. Ein hochwertiges Trachtenst\u00fcck f\u00fcr besondere Anl\u00e4sse \u2013 authentisch, exklusiv und mit Liebe zum Detail gefertigt.Handstickerei am Ausschnitt.<\/p>\n","protected":false},"excerpt":{"rendered":"<p>Dieses elegante und exklusive Ausseer Dirndl wird in unserer hauseigenen Schneiderei gefertigt und verbindet traditionelle Handwerkskunst mit zeitloser Sch\u00f6nheit. Der klassische Mieder Schnitt und&#8230;<\/p>\n","protected":false},"featured_media":349589,"template":"","meta":{"_acf_changed":false},"product_brand":[],"product_cat":[48,49],"product_tag":[2699],"class_list":{"0":"post-349582","1":"product","2":"type-product","3":"status-publish","4":"has-post-thumbnail","6":"pricegroup-312","7":"pricegroup-202","8":"productgroup-313","9":"productgroup-204","10":"product_cat-damentracht","11":"product_cat-dirndl-kleider","12":"product_tag-ausseer-dirndl-mit-seidenhanddruckschuerze","14":"first","15":"instock","16":"taxable","17":"shipping-taxable","18":"purchasable","19":"product-type-variable"},"acf":[],"jetpack_sharing_enabled":true,"_links":{"self":[{"href":"https:\/\/www.salzburgerheimatwerk.at\/en\/wp-json\/wp\/v2\/product\/349582","targetHints":{"allow":["GET"]}}],"collection":[{"href":"https:\/\/www.salzburgerheimatwerk.at\/en\/wp-json\/wp\/v2\/product"}],"about":[{"href":"https:\/\/www.salzburgerheimatwerk.at\/en\/wp-json\/wp\/v2\/types\/product"}],"wp:featuredmedia":[{"embeddable":true,"href":"https:\/\/www.salzburgerheimatwerk.at\/en\/wp-json\/wp\/v2\/media\/349589"}],"wp:attachment":[{"href":"https:\/\/www.salzburgerheimatwerk.at\/en\/wp-json\/wp\/v2\/media?parent=349582"}],"wp:term":[{"taxonomy":"product_brand","embeddable":true,"href":"https:\/\/www.salzburgerheimatwerk.at\/en\/wp-json\/wp\/v2\/product_brand?post=349582"},{"taxonomy":"product_cat","embeddable":true,"href":"https:\/\/www.salzburgerheimatwerk.at\/en\/wp-json\/wp\/v2\/product_cat?post=349582"},{"taxonomy":"product_tag","embeddable":true,"href":"https:\/\/www.salzburgerheimatwerk.at\/en\/wp-json\/wp\/v2\/product_tag?post=349582"}],"curies":[{"name":"wp","href":"https:\/\/api.w.org\/{rel}","templated":true}]}}