{"id":349592,"date":"2026-03-19T06:34:40","date_gmt":"2026-03-19T05:34:40","guid":{"rendered":"https:\/\/www.salzburgerheimatwerk.at\/produkt\/gamsfrackerl-aus-leinen\/"},"modified":"2026-04-05T11:27:13","modified_gmt":"2026-04-05T09:27:13","slug":"gamsfrackerl-aus-leinen","status":"publish","type":"product","link":"https:\/\/www.salzburgerheimatwerk.at\/en\/produkt\/gamsfrackerl-aus-leinen\/","title":{"rendered":"Gamsfrackerl aus Leinen"},"content":{"rendered":"<p>Das gezeigte Gamsfrackerl aus unserer Heimatwerk Manufaktur wirkt hochwertig und traditionell, mit klarer Anlehnung an klassische Salzburger Tracht, zugleich aber fein und modern interpretiert.Der Grundstoff besteht aus einem hellen, fein strukturierten J\u00e4gerleinen. Der Schnitt ist tailliert und k\u00f6rpernah, wodurch eine feminine Silhouette entsteht, ohne die traditionelle Form zu verlassen. Besonders markant sind die Bes\u00e4tze aus gr\u00fcnem Loden mit der Stickarbeit.:Entlang des Revers verl\u00e4uft ein breiter Lodenstreifen mit feiner Ton-in-Ton-Stickerei, der dem Frackerl Tiefe und Struktur gibt. Die Einfassung der Taschen sowie die kunstvoll geschwungenen Stickereien an den \u00c4rmeln greifen dieses Gr\u00fcn wieder auf. Auch im R\u00fccken findet sich ein Lodenriegel, der die Taille zus\u00e4tzlich betont und dekorativ mit Hirschkn\u00f6pfen fixiert ist. Die Kn\u00f6pfe wirken traditionell und sind bewusst dezent gehalten, sodass sie das Gesamtbild nicht dominieren, sondern unterstreichen. Ein weiteres charakteristisches Detail ist die ornamentale Brusttaschenverzierung, die typisch f\u00fcr ein Gamsfrackerl ist und hier besonders fein ausgearbeitet wurde. Das Frackerl wirkt dadurch zugleich klassisch, hochwertig und tragbar \u2013 passend sowohl zur festlichen Tracht als auch f\u00fcr gehobene Alltagsanl\u00e4sse.<\/p>\n","protected":false},"excerpt":{"rendered":"<p>Das gezeigte Gamsfrackerl aus unserer Heimatwerk Manufaktur wirkt hochwertig und traditionell, mit klarer Anlehnung an klassische Salzburger Tracht, zugleich aber fein und modern interpretiert.Der&#8230;<\/p>\n","protected":false},"featured_media":349599,"template":"","meta":{"_acf_changed":false},"product_brand":[],"product_cat":[48,304],"product_tag":[2700],"class_list":{"0":"post-349592","1":"product","2":"type-product","3":"status-publish","4":"has-post-thumbnail","6":"pricegroup-202","7":"pricegroup-302","8":"productgroup-204","9":"productgroup-303","10":"product_cat-damentracht","11":"product_cat-jacken-maentel-damentracht","12":"product_tag-gamsfrackerl-jaegerleinen","14":"first","15":"instock","16":"taxable","17":"shipping-taxable","18":"purchasable","19":"product-type-variable"},"acf":[],"jetpack_sharing_enabled":true,"_links":{"self":[{"href":"https:\/\/www.salzburgerheimatwerk.at\/en\/wp-json\/wp\/v2\/product\/349592","targetHints":{"allow":["GET"]}}],"collection":[{"href":"https:\/\/www.salzburgerheimatwerk.at\/en\/wp-json\/wp\/v2\/product"}],"about":[{"href":"https:\/\/www.salzburgerheimatwerk.at\/en\/wp-json\/wp\/v2\/types\/product"}],"wp:featuredmedia":[{"embeddable":true,"href":"https:\/\/www.salzburgerheimatwerk.at\/en\/wp-json\/wp\/v2\/media\/349599"}],"wp:attachment":[{"href":"https:\/\/www.salzburgerheimatwerk.at\/en\/wp-json\/wp\/v2\/media?parent=349592"}],"wp:term":[{"taxonomy":"product_brand","embeddable":true,"href":"https:\/\/www.salzburgerheimatwerk.at\/en\/wp-json\/wp\/v2\/product_brand?post=349592"},{"taxonomy":"product_cat","embeddable":true,"href":"https:\/\/www.salzburgerheimatwerk.at\/en\/wp-json\/wp\/v2\/product_cat?post=349592"},{"taxonomy":"product_tag","embeddable":true,"href":"https:\/\/www.salzburgerheimatwerk.at\/en\/wp-json\/wp\/v2\/product_tag?post=349592"}],"curies":[{"name":"wp","href":"https:\/\/api.w.org\/{rel}","templated":true}]}}