{"id":41448,"date":"2022-05-12T09:34:25","date_gmt":"2022-05-12T07:34:25","guid":{"rendered":"https:\/\/www.salzburgerheimatwerk.at\/produkt\/blusenkleid-in-leinen-2\/"},"modified":"2026-04-28T18:21:09","modified_gmt":"2026-04-28T16:21:09","slug":"blusenkleid-in-leinen-2","status":"publish","type":"product","link":"https:\/\/www.salzburgerheimatwerk.at\/en\/produkt\/blusenkleid-in-leinen-2\/","title":{"rendered":"Blusenkleid in Leinen"},"content":{"rendered":"<p>Unsere trendigen lang\u00e4rmelige Blusenkleider sind ebenfalls als Pfoad zum Schl\u00fcpfen geschnitten. Diese Kleider sind eine luftige, sommerliche Alternative zum Dirndl. <\/p>\n<p>Um die Transportwege kurz zu halten, stammt das Leinen f\u00fcr die Kleider aus Spanien. Au\u00dferdem wird es nach intenationalen Standards nachhaltig produziert und erh\u00e4lt das renommierte GOTS Zertifikat.<\/p>\n","protected":false},"excerpt":{"rendered":"<p>Unsere trendigen lang\u00e4rmelige Blusenkleider sind ebenfalls als Pfoad zum Schl\u00fcpfen geschnitten. Diese Kleider sind eine luftige, sommerliche Alternative zum Dirndl.   Um die&#8230;<\/p>\n","protected":false},"featured_media":325134,"template":"","meta":{"_acf_changed":false},"product_brand":[],"product_cat":[48,49,1220],"product_tag":[1090,1091,1365],"class_list":{"0":"post-41448","1":"product","2":"type-product","3":"status-publish","4":"has-post-thumbnail","6":"pricegroup-202","7":"pricegroup-298","8":"productgroup-204","9":"productgroup-299","10":"product_cat-damentracht","11":"product_cat-dirndl-kleider","12":"product_cat-sale","13":"product_tag-blusenkleid-zum-schlupfen","14":"product_tag-im-detail-filligran-und-tailliert-geschnitten","15":"product_tag-blusenkleid-in-leinen-rosa","16":"pa_farbe-rosa","17":"pa_zertifizierung-gots","19":"first","20":"instock","21":"sale","22":"taxable","23":"shipping-taxable","24":"purchasable","25":"product-type-variable","26":"has-default-attributes"},"acf":[],"jetpack_sharing_enabled":true,"_links":{"self":[{"href":"https:\/\/www.salzburgerheimatwerk.at\/en\/wp-json\/wp\/v2\/product\/41448","targetHints":{"allow":["GET"]}}],"collection":[{"href":"https:\/\/www.salzburgerheimatwerk.at\/en\/wp-json\/wp\/v2\/product"}],"about":[{"href":"https:\/\/www.salzburgerheimatwerk.at\/en\/wp-json\/wp\/v2\/types\/product"}],"wp:featuredmedia":[{"embeddable":true,"href":"https:\/\/www.salzburgerheimatwerk.at\/en\/wp-json\/wp\/v2\/media\/325134"}],"wp:attachment":[{"href":"https:\/\/www.salzburgerheimatwerk.at\/en\/wp-json\/wp\/v2\/media?parent=41448"}],"wp:term":[{"taxonomy":"product_brand","embeddable":true,"href":"https:\/\/www.salzburgerheimatwerk.at\/en\/wp-json\/wp\/v2\/product_brand?post=41448"},{"taxonomy":"product_cat","embeddable":true,"href":"https:\/\/www.salzburgerheimatwerk.at\/en\/wp-json\/wp\/v2\/product_cat?post=41448"},{"taxonomy":"product_tag","embeddable":true,"href":"https:\/\/www.salzburgerheimatwerk.at\/en\/wp-json\/wp\/v2\/product_tag?post=41448"}],"curies":[{"name":"wp","href":"https:\/\/api.w.org\/{rel}","templated":true}]}}