{"id":47226,"date":"2022-05-17T09:52:30","date_gmt":"2022-05-17T07:52:30","guid":{"rendered":"https:\/\/www.salzburgerheimatwerk.at\/produkt\/bio-reinleinen-rot-uni-2\/"},"modified":"2026-04-28T21:20:13","modified_gmt":"2026-04-28T19:20:13","slug":"bio-reinleinen-rot-uni-2","status":"publish","type":"product","link":"https:\/\/www.salzburgerheimatwerk.at\/en\/produkt\/bio-reinleinen-rot-uni-2\/","title":{"rendered":"Bio-Reinleinen rot Uni"},"content":{"rendered":"<p>Dieser Bio-Reinleinenstoff ist mit dem Global Organic Textile Standard (GOTS) Siegel &#8211; dem weltweit f\u00fchrenden Qualit\u00e4tslabel f\u00fcr Textilien aus biologisch erzeugten Naturfasern \u2013 ausgezeichnet und erf\u00fcllt somit strenge umwelttechnische Anforderungen und Sozialkriterien.<br \/>\nDas feine Reinleinen in Leinenbindung erh\u00e4lt durch die Verwendung unterschiedlicher Farben in Kette und Schuss seinen besonderen zweif\u00e4rbigen Effekt. Es wird zu 100 Prozent aus der Faser der Flachspflanze gewonnen und besticht durch seine charakteristische Optik und einen k\u00fchlen Griff. <\/p>\n<p>Wirkt auf nat\u00fcrliche Weise<br \/>\n&#8211;  w\u00e4rme- und feuchtigkeitsregulierend<br \/>\n&#8211;  robust, strapazierf\u00e4hig und wenig flusend<br \/>\n&#8211;  schmutzabweisend und geruchsneutralisierend<\/p>\n<p>Eignung<br \/>\nIdeal f\u00fcr Dirndlr\u00f6cke, Sch\u00fcrzen.<\/p>\n","protected":false},"excerpt":{"rendered":"<p>Dieser Bio-Reinleinenstoff ist mit dem Global Organic Textile Standard (GOTS) Siegel &#8211; dem weltweit f\u00fchrenden Qualit\u00e4tslabel f\u00fcr Textilien aus biologisch erzeugten Naturfasern \u2013 ausgezeichnet&#8230;<\/p>\n","protected":false},"featured_media":343927,"template":"","meta":{"_acf_changed":false},"product_brand":[],"product_cat":[192,37],"product_tag":[693],"class_list":{"0":"post-47226","1":"product","2":"type-product","3":"status-publish","4":"has-post-thumbnail","6":"pricegroup-165","7":"pricegroup-167","8":"productgroup-173","9":"productgroup-175","10":"product_cat-trachtenstoffe","11":"product_cat-stoffe","12":"product_tag-bio-rl-fein-rot-uni","13":"pa_farbe-rot","14":"pa_stoffbreite-150-cm","15":"pa_zertifizierung-gots","17":"first","18":"instock","19":"taxable","20":"shipping-taxable","21":"purchasable","22":"product-type-simple"},"acf":[],"jetpack_sharing_enabled":true,"_links":{"self":[{"href":"https:\/\/www.salzburgerheimatwerk.at\/en\/wp-json\/wp\/v2\/product\/47226","targetHints":{"allow":["GET"]}}],"collection":[{"href":"https:\/\/www.salzburgerheimatwerk.at\/en\/wp-json\/wp\/v2\/product"}],"about":[{"href":"https:\/\/www.salzburgerheimatwerk.at\/en\/wp-json\/wp\/v2\/types\/product"}],"wp:featuredmedia":[{"embeddable":true,"href":"https:\/\/www.salzburgerheimatwerk.at\/en\/wp-json\/wp\/v2\/media\/343927"}],"wp:attachment":[{"href":"https:\/\/www.salzburgerheimatwerk.at\/en\/wp-json\/wp\/v2\/media?parent=47226"}],"wp:term":[{"taxonomy":"product_brand","embeddable":true,"href":"https:\/\/www.salzburgerheimatwerk.at\/en\/wp-json\/wp\/v2\/product_brand?post=47226"},{"taxonomy":"product_cat","embeddable":true,"href":"https:\/\/www.salzburgerheimatwerk.at\/en\/wp-json\/wp\/v2\/product_cat?post=47226"},{"taxonomy":"product_tag","embeddable":true,"href":"https:\/\/www.salzburgerheimatwerk.at\/en\/wp-json\/wp\/v2\/product_tag?post=47226"}],"curies":[{"name":"wp","href":"https:\/\/api.w.org\/{rel}","templated":true}]}}