{"id":8782,"date":"2022-04-15T14:58:32","date_gmt":"2022-04-15T12:58:32","guid":{"rendered":"https:\/\/salzburgerheimatwerk.at\/produkt\/damenbluse-rostbraun-mit-stickerei\/"},"modified":"2026-04-28T18:19:08","modified_gmt":"2026-04-28T16:19:08","slug":"damenbluse-rostbraun-mit-stickerei","status":"publish","type":"product","link":"https:\/\/www.salzburgerheimatwerk.at\/en\/produkt\/damenbluse-rostbraun-mit-stickerei\/","title":{"rendered":"Damenbluse rostbraun mit Stickerei"},"content":{"rendered":"<p>Taillierte Langarmbluse mit Stickerei<\/p>\n<p>Diese hochwertige Langarmbluse mit edler Stickerei und schm\u00fcckenden Details bietet h\u00f6chsten Tragekomfort. Wundersch\u00f6ne Verarbeitung und flie\u00dfendes Material durch 100% Viskose.<\/p>\n","protected":false},"excerpt":{"rendered":"<p>Taillierte Langarmbluse mit Stickerei  Diese hochwertige Langarmbluse mit edler Stickerei und schm\u00fcckenden Details bietet h\u00f6chsten Tragekomfort. Wundersch\u00f6ne Verarbeitung und flie\u00dfendes Material durch 100%&#8230;<\/p>\n","protected":false},"featured_media":324894,"template":"","meta":{"_acf_changed":false},"product_brand":[],"product_cat":[1220,48,52],"product_tag":[258],"class_list":{"0":"post-8782","1":"product","2":"type-product","3":"status-publish","4":"has-post-thumbnail","6":"pricegroup-256","7":"pricegroup-202","8":"productgroup-257","9":"productgroup-204","10":"product_cat-sale","11":"product_cat-damentracht","12":"product_cat-blusen-shirts","13":"product_tag-damenbluse","14":"pa_eigenmarke-nein","15":"pa_farbe-braun","16":"pa_von-hand-gemacht-nein","18":"first","19":"instock","20":"sale","21":"taxable","22":"shipping-taxable","23":"purchasable","24":"product-type-variable","25":"has-default-attributes"},"acf":[],"jetpack_sharing_enabled":true,"_links":{"self":[{"href":"https:\/\/www.salzburgerheimatwerk.at\/en\/wp-json\/wp\/v2\/product\/8782","targetHints":{"allow":["GET"]}}],"collection":[{"href":"https:\/\/www.salzburgerheimatwerk.at\/en\/wp-json\/wp\/v2\/product"}],"about":[{"href":"https:\/\/www.salzburgerheimatwerk.at\/en\/wp-json\/wp\/v2\/types\/product"}],"wp:featuredmedia":[{"embeddable":true,"href":"https:\/\/www.salzburgerheimatwerk.at\/en\/wp-json\/wp\/v2\/media\/324894"}],"wp:attachment":[{"href":"https:\/\/www.salzburgerheimatwerk.at\/en\/wp-json\/wp\/v2\/media?parent=8782"}],"wp:term":[{"taxonomy":"product_brand","embeddable":true,"href":"https:\/\/www.salzburgerheimatwerk.at\/en\/wp-json\/wp\/v2\/product_brand?post=8782"},{"taxonomy":"product_cat","embeddable":true,"href":"https:\/\/www.salzburgerheimatwerk.at\/en\/wp-json\/wp\/v2\/product_cat?post=8782"},{"taxonomy":"product_tag","embeddable":true,"href":"https:\/\/www.salzburgerheimatwerk.at\/en\/wp-json\/wp\/v2\/product_tag?post=8782"}],"curies":[{"name":"wp","href":"https:\/\/api.w.org\/{rel}","templated":true}]}}