{"id":9903,"date":"2022-04-15T14:52:03","date_gmt":"2022-04-15T12:52:03","guid":{"rendered":"https:\/\/salzburgerheimatwerk.at\/produkt\/baumwollstoff-m-elastan-hellgruen-gewebt\/"},"modified":"2026-04-28T18:16:23","modified_gmt":"2026-04-28T16:16:23","slug":"baumwollstoff-m-elastan-hellgruen-gewebt","status":"publish","type":"product","link":"https:\/\/www.salzburgerheimatwerk.at\/en\/produkt\/baumwollstoff-m-elastan-hellgruen-gewebt\/","title":{"rendered":"Baumwollstoff m.Elastan hellgr\u00fcn gewebt"},"content":{"rendered":"<p>Dieser Baumwollstoff wird aus den Fasern der Baumwollpflanze gewonnen, hat einen k\u00fchlen Griff und f\u00e4llt angenehm weich. Das Design entsteht durch die Verwebung unterschiedlich gef\u00e4rbter Garne.<\/p>\n<p>Eigenschaften<br \/>\n&#8211; weich und hautfreundlich<br \/>\n&#8211; feuchtigkeitsregulierend<br \/>\n&#8211; rei\u00dffest und strapazierf\u00e4hig<\/p>\n<p>Eignung<br \/>\nIdeal f\u00fcrs Dirndl (Oberteile, R\u00f6cke, Sch\u00fcrzen), Blusen, R\u00f6cke und Kleider.<br \/>\n\u2003<\/p>\n","protected":false},"excerpt":{"rendered":"<p>Dieser Baumwollstoff wird aus den Fasern der Baumwollpflanze gewonnen, hat einen k\u00fchlen Griff und f\u00e4llt angenehm weich. Das Design entsteht durch die Verwebung unterschiedlich&#8230;<\/p>\n","protected":false},"featured_media":299043,"template":"","meta":{"_acf_changed":false},"product_brand":[],"product_cat":[192,37],"product_tag":[523],"class_list":{"0":"post-9903","1":"product","2":"type-product","3":"status-publish","4":"has-post-thumbnail","6":"pricegroup-165","7":"pricegroup-515","8":"productgroup-173","9":"productgroup-516","10":"product_cat-trachtenstoffe","11":"product_cat-stoffe","12":"product_tag-bw-elastan-hellgruen-paula","13":"pa_farbe-gruen","14":"pa_stoffbreite-140-cm","15":"pa_zertifizierung-nachhaltig","17":"first","18":"instock","19":"taxable","20":"shipping-taxable","21":"purchasable","22":"product-type-simple"},"acf":[],"jetpack_sharing_enabled":true,"_links":{"self":[{"href":"https:\/\/www.salzburgerheimatwerk.at\/en\/wp-json\/wp\/v2\/product\/9903","targetHints":{"allow":["GET"]}}],"collection":[{"href":"https:\/\/www.salzburgerheimatwerk.at\/en\/wp-json\/wp\/v2\/product"}],"about":[{"href":"https:\/\/www.salzburgerheimatwerk.at\/en\/wp-json\/wp\/v2\/types\/product"}],"wp:featuredmedia":[{"embeddable":true,"href":"https:\/\/www.salzburgerheimatwerk.at\/en\/wp-json\/wp\/v2\/media\/299043"}],"wp:attachment":[{"href":"https:\/\/www.salzburgerheimatwerk.at\/en\/wp-json\/wp\/v2\/media?parent=9903"}],"wp:term":[{"taxonomy":"product_brand","embeddable":true,"href":"https:\/\/www.salzburgerheimatwerk.at\/en\/wp-json\/wp\/v2\/product_brand?post=9903"},{"taxonomy":"product_cat","embeddable":true,"href":"https:\/\/www.salzburgerheimatwerk.at\/en\/wp-json\/wp\/v2\/product_cat?post=9903"},{"taxonomy":"product_tag","embeddable":true,"href":"https:\/\/www.salzburgerheimatwerk.at\/en\/wp-json\/wp\/v2\/product_tag?post=9903"}],"curies":[{"name":"wp","href":"https:\/\/api.w.org\/{rel}","templated":true}]}}